{"id":981,"date":"2023-12-19T15:36:10","date_gmt":"2023-12-19T15:36:10","guid":{"rendered":"https:\/\/templeshape.com\/?post_type=product&#038;p=981"},"modified":"2025-04-15T12:54:52","modified_gmt":"2025-04-15T12:54:52","slug":"active-wear-sports-bra-sport-bh","status":"publish","type":"product","link":"https:\/\/templeshape.com\/product\/active-wear-sports-bra-sport-bh\/","title":{"rendered":"Active Wear Sports Bra \/ Sport BH"},"content":{"rendered":"<div class=\"sc-bBHHxi gGMCwe pf-6_ pf-r pf-r-eh\" data-pf-type=\"Row\">\n<div class=\"pf-c\">\n<div class=\"sc-JkixQ lbFEmW pf-7_\" data-pf-type=\"Column\">\n<h3 class=\"sc-avest eSTvWa pf-8_\" data-pf-type=\"Heading\"><span class=\"sc-hGnimi cpnKBf pf-10_\" data-pf-type=\"Text\">Details<\/span><\/h3>\n<\/div>\n<\/div>\n<\/div>\n<div class=\"sc-bBHHxi gGMCwe pf-11_ pf-r pf-r-eh\" data-pf-type=\"Row\">\n<div class=\"pf-c\">\n<div class=\"sc-JkixQ lbFEmW pf-12_\" data-pf-type=\"Column\">\n<h4 class=\"sc-avest eSTvWa pf-13_\" data-pf-type=\"Heading\"><span class=\"sc-hGnimi cpnKBf pf-15_\" data-pf-type=\"Text\">STYLE<\/span><\/h4>\n<p class=\"sc-hYQoXb koTnzq pf-16_\" data-pf-type=\"Paragraph\"><span class=\"sc-hGnimi cpnKBf pf-18_\" data-pf-type=\"Text\">Betont R\u00fcckenmuskulatur<\/span><\/p>\n<p class=\"sc-hYQoXb koTnzq pf-19_\" data-pf-type=\"Paragraph\"><span class=\"sc-hGnimi cpnKBf pf-21_\" data-pf-type=\"Text\">Schnitt, der alles an Ort und Stelle h\u00e4lt<\/span><\/p>\n<p class=\"sc-hYQoXb koTnzq pf-22_\" data-pf-type=\"Paragraph\"><span class=\"sc-hGnimi cpnKBf pf-24_\" data-pf-type=\"Text\">Eher eng geschnitten<\/span><\/p>\n<p>&nbsp;<\/p>\n<\/div>\n<\/div>\n<div class=\"pf-c\">\n<div class=\"sc-JkixQ lbFEmW pf-25_\" data-pf-type=\"Column\">\n<h4 class=\"sc-avest eSTvWa pf-26_\" data-pf-type=\"Heading\"><span class=\"sc-hGnimi cpnKBf pf-28_\" data-pf-type=\"Text\">MATERIAL<\/span><\/h4>\n<p class=\"sc-hYQoXb koTnzq pf-29_\" data-pf-type=\"Paragraph\"><span class=\"sc-hGnimi cpnKBf pf-31_\" data-pf-type=\"Text\">81 % Nylon<\/span><\/p>\n<p class=\"sc-hYQoXb koTnzq pf-32_\" data-pf-type=\"Paragraph\"><span class=\"sc-hGnimi cpnKBf pf-34_\" data-pf-type=\"Text\">19 % Lycra<\/span><\/p>\n<p>&nbsp;<\/p>\n<\/div>\n<\/div>\n<\/div>\n<div class=\"sc-bBHHxi gGMCwe pf-35_ pf-r pf-r-eh\" data-pf-type=\"Row\">\n<div class=\"pf-c\">\n<div class=\"sc-JkixQ lbFEmW pf-36_\" data-pf-type=\"Column\">\n<h4 class=\"sc-avest eSTvWa pf-37_\" data-pf-type=\"Heading\"><span class=\"sc-hGnimi cpnKBf pf-39_\" data-pf-type=\"Text\">PFLEGE<\/span><\/h4>\n<p class=\"sc-hYQoXb koTnzq pf-40_\" data-pf-type=\"Paragraph\"><span class=\"sc-hGnimi cpnKBf pf-42_\" data-pf-type=\"Text\">Mit gleichen Farben waschen<\/span><\/p>\n<p class=\"sc-hYQoXb koTnzq pf-43_\" data-pf-type=\"Paragraph\"><span class=\"sc-hGnimi cpnKBf pf-45_\" data-pf-type=\"Text\">Nach innen kehren beim Waschen<\/span><\/p>\n<p class=\"sc-hYQoXb koTnzq pf-46_\" data-pf-type=\"Paragraph\"><span class=\"sc-hGnimi cpnKBf pf-48_\" data-pf-type=\"Text\">Bei max. 30\u00b0 waschen<\/span><\/p>\n<p class=\"sc-hYQoXb koTnzq pf-49_\" data-pf-type=\"Paragraph\"><span class=\"sc-hGnimi cpnKBf pf-51_\" data-pf-type=\"Text\">Nicht f\u00fcr den Trockner geeignet<\/span><\/p>\n<p>&nbsp;<\/p>\n<\/div>\n<\/div>\n<div class=\"pf-c\">\n<div class=\"sc-JkixQ lbFEmW pf-52_\" data-pf-type=\"Column\">\n<h4 class=\"sc-avest eSTvWa pf-53_\" data-pf-type=\"Heading\"><span class=\"sc-hGnimi cpnKBf pf-55_\" data-pf-type=\"Text\">FEATURES<\/span><\/h4>\n<p class=\"sc-hYQoXb koTnzq pf-56_\" data-pf-type=\"Paragraph\"><span class=\"sc-hGnimi cpnKBf pf-58_\" data-pf-type=\"Text\">Einschubtaschen f\u00fcr Cups<\/span><\/p>\n<p class=\"sc-hYQoXb koTnzq pf-59_\" data-pf-type=\"Paragraph\"><span class=\"sc-hGnimi cpnKBf pf-61_\" data-pf-type=\"Text\">F\u00fcr Yoga &amp; Fitness geeignet<\/span><\/p>\n<p class=\"sc-hYQoXb koTnzq pf-62_\" data-pf-type=\"Paragraph\"><span class=\"sc-hGnimi cpnKBf pf-64_\" data-pf-type=\"Text\">Licht reflektierender Print<\/span><\/p>\n<\/div>\n<\/div>\n<\/div>\n","protected":false},"excerpt":{"rendered":"<p>Dieser Sport BH kombiniert Halt und Bedeckung mit unserem extrem atmungsaktiven, schnelltrocknenden Material, sodass du gut durch intensive, schwei\u00dftreibende Workouts kommst.<\/p>\n<p>Unsere Kleider werden auf Bali unter fairen Bedingungen hergestellt.<\/p>\n<p>Gr\u00f6sse: Dani tr\u00e4gt auf den Bildern die Gr\u00f6sse S.<\/p>\n","protected":false},"featured_media":7507,"comment_status":"open","ping_status":"closed","template":"","meta":{"wds_primary_product_brand":0,"wds_primary_product_cat":0},"product_brand":[],"product_cat":[40],"product_tag":[],"class_list":{"0":"post-981","1":"product","2":"type-product","3":"status-publish","4":"has-post-thumbnail","6":"product_cat-active-wear-kleidung","7":"de-CH","8":"post-wrapper","9":"thrv_wrapper","11":"first","12":"instock","13":"taxable","14":"shipping-taxable","15":"purchasable","16":"product-type-variable","17":"has-default-attributes"},"_links":{"self":[{"href":"https:\/\/templeshape.com\/wp-json\/wp\/v2\/product\/981","targetHints":{"allow":["GET"]}}],"collection":[{"href":"https:\/\/templeshape.com\/wp-json\/wp\/v2\/product"}],"about":[{"href":"https:\/\/templeshape.com\/wp-json\/wp\/v2\/types\/product"}],"replies":[{"embeddable":true,"href":"https:\/\/templeshape.com\/wp-json\/wp\/v2\/comments?post=981"}],"wp:featuredmedia":[{"embeddable":true,"href":"https:\/\/templeshape.com\/wp-json\/wp\/v2\/media\/7507"}],"wp:attachment":[{"href":"https:\/\/templeshape.com\/wp-json\/wp\/v2\/media?parent=981"}],"wp:term":[{"taxonomy":"product_brand","embeddable":true,"href":"https:\/\/templeshape.com\/wp-json\/wp\/v2\/product_brand?post=981"},{"taxonomy":"product_cat","embeddable":true,"href":"https:\/\/templeshape.com\/wp-json\/wp\/v2\/product_cat?post=981"},{"taxonomy":"product_tag","embeddable":true,"href":"https:\/\/templeshape.com\/wp-json\/wp\/v2\/product_tag?post=981"}],"curies":[{"name":"wp","href":"https:\/\/api.w.org\/{rel}","templated":true}]}}