{"id":8176,"date":"2025-10-31T16:25:48","date_gmt":"2025-10-31T16:25:48","guid":{"rendered":"https:\/\/templeshape.com\/?post_type=product&#038;p=8176"},"modified":"2026-03-26T17:50:44","modified_gmt":"2026-03-26T17:50:44","slug":"leggings-straight-2026","status":"publish","type":"product","link":"https:\/\/templeshape.com\/product\/leggings-straight-2026\/","title":{"rendered":"Straight Leggings"},"content":{"rendered":"<p class=\"p1\"><b>STYLE<\/b><\/p>\n<p class=\"p3\">Gerader, klassischer Schnitt \u2013 eng anliegend bis zum Kn\u00f6chel, ohne Schlag<\/p>\n<p class=\"p3\">Glattes, schmeichelndes Design, das die Silhouette elegant formt<\/p>\n<p class=\"p3\"><span class=\"s1\">Integrierter Gummibund mit Zugband<\/span> \u2013 f\u00fcr perfekten Halt direkt am Bauch<\/p>\n<p class=\"p3\">Ideal zum <span class=\"s1\">Joggen<\/span>, Pilates, Yoga &amp; Everyday-Movement<\/p>\n<p class=\"p3\">Komfortabler Halt ohne Einengen \u2013 designed f\u00fcr t\u00e4glichen Komfort &amp; Aktivit\u00e4t<\/p>\n<p>&nbsp;<\/p>\n<p class=\"p1\"><b>PFLEGE<\/b><\/p>\n<p class=\"p3\">Mit \u00e4hnlichen Farben waschen<\/p>\n<p class=\"p3\">Auf links drehen vor dem Waschen<\/p>\n<p class=\"p3\">Bei max. 30\u00b0 waschen<\/p>\n<p class=\"p3\">Nicht f\u00fcr den Trockner geeignet<\/p>\n<p>&nbsp;<\/p>\n<p class=\"p1\"><b>FEATURES<\/b><\/p>\n<p class=\"p3\">Soft-Touch Stretch \u2013 super bequem &amp; bewegungsfreundlich<\/p>\n<p class=\"p1\"><span class=\"s3\">Ideal f\u00fcr <\/span>Pilates \/ Yoga \/ Running \/ Fitness \/ Alltag<\/p>\n<p class=\"p1\">Verstellbarer Gummibund mit Kordelzug<span class=\"s3\"> f\u00fcr sicheren Halt beim Joggen<\/span><\/p>\n<p class=\"p1\">Praktische Seitentaschen am Oberschenkel<span class=\"s3\"> \u2013 perfekt f\u00fcr Handy &amp; Essentials<\/span><\/p>\n<p class=\"p3\">Atmungsaktiv, schnelltrocknend &amp; schwei\u00dfableitend<\/p>\n<p class=\"p1\">Reflektierendes Templeshape Logo<span class=\"s3\"> auf der R\u00fcckseite<\/span><\/p>\n<p>&nbsp;<\/p>\n<p class=\"p1\"><b>MATERIAL<\/b><\/p>\n<p class=\"p3\">73 % Recycled Polyester<\/p>\n<p class=\"p3\">27 % Spandex<\/p>\n","protected":false},"excerpt":{"rendered":"<p class=\"p1\">Diese Leggings vereinen Komfort, Halt und Flexibilit\u00e4t mit unserem extrem atmungsaktiven, schnelltrocknenden Material \u2013 perfekt f\u00fcr Pilates, Yoga, Fitness und vor allem zum Joggen. Der weiche, individuell faltbare Bund passt sich deinem K\u00f6rper an und sitzt sicher am Bauch, w\u00e4hrend der integrierte Gummizug mit Zugband zus\u00e4tzlichen Halt gibt \u2013 ideal f\u00fcr dynamische Bewegungen und Outdoor-Runs. Der klassische, gerade Schnitt liegt angenehm am Bein an und schmeichelt der Silhouette, w\u00e4hrend praktische Seitentaschen am Oberschenkel genug Platz f\u00fcr dein Handy oder andere Essentials bieten.<\/p>\n<p class=\"p1\">Unsere Leggings werden auf Bali unter fairen Bedingungen hergestellt.<\/p>\n<p class=\"p1\">Martina ist 174 cm gro\u00df und tr\u00e4gt S.<\/p>\n","protected":false},"featured_media":8187,"comment_status":"open","ping_status":"closed","template":"","meta":{"wds_primary_product_brand":0,"wds_primary_product_cat":0},"product_brand":[],"product_cat":[40],"product_tag":[],"class_list":{"0":"post-8176","1":"product","2":"type-product","3":"status-publish","4":"has-post-thumbnail","6":"product_cat-active-wear-kleidung","7":"de-CH","8":"post-wrapper","9":"thrv_wrapper","11":"first","12":"instock","13":"taxable","14":"shipping-taxable","15":"purchasable","16":"product-type-variable"},"_links":{"self":[{"href":"https:\/\/templeshape.com\/wp-json\/wp\/v2\/product\/8176","targetHints":{"allow":["GET"]}}],"collection":[{"href":"https:\/\/templeshape.com\/wp-json\/wp\/v2\/product"}],"about":[{"href":"https:\/\/templeshape.com\/wp-json\/wp\/v2\/types\/product"}],"replies":[{"embeddable":true,"href":"https:\/\/templeshape.com\/wp-json\/wp\/v2\/comments?post=8176"}],"wp:featuredmedia":[{"embeddable":true,"href":"https:\/\/templeshape.com\/wp-json\/wp\/v2\/media\/8187"}],"wp:attachment":[{"href":"https:\/\/templeshape.com\/wp-json\/wp\/v2\/media?parent=8176"}],"wp:term":[{"taxonomy":"product_brand","embeddable":true,"href":"https:\/\/templeshape.com\/wp-json\/wp\/v2\/product_brand?post=8176"},{"taxonomy":"product_cat","embeddable":true,"href":"https:\/\/templeshape.com\/wp-json\/wp\/v2\/product_cat?post=8176"},{"taxonomy":"product_tag","embeddable":true,"href":"https:\/\/templeshape.com\/wp-json\/wp\/v2\/product_tag?post=8176"}],"curies":[{"name":"wp","href":"https:\/\/api.w.org\/{rel}","templated":true}]}}