{"id":8154,"date":"2025-10-31T16:15:10","date_gmt":"2025-10-31T16:15:10","guid":{"rendered":"https:\/\/templeshape.com\/?post_type=product&#038;p=8154"},"modified":"2026-04-27T12:52:17","modified_gmt":"2026-04-27T12:52:17","slug":"pilates-leggings-2026","status":"publish","type":"product","link":"https:\/\/templeshape.com\/product\/pilates-leggings-2026\/","title":{"rendered":"Flared Pilates Leggings"},"content":{"rendered":"<h3 class=\"p1\"><b>STYLE<\/b><\/h3>\n<p class=\"p2\">Flared Leggings mit <span class=\"s1\">individuell faltbarem Hosenbund<\/span> (f\u00fcr High- oder Mid-Waist Look)<\/p>\n<p class=\"p2\">Ultra-bequeme Passform f\u00fcr volle Bewegungsfreiheit<\/p>\n<p class=\"p2\"><span class=\"s1\">Schlag-Schnitt<\/span> \u2013 \u00f6ffnet sich nach unten f\u00fcr einen eleganten, schmeichelnden Fall<\/p>\n<p class=\"p2\">Seitlicher <span class=\"s1\">Beinschlitz<\/span> f\u00fcr extra Style &amp; Flexibilit\u00e4t<\/p>\n<p class=\"p2\">Figurformender Schnitt, der sanft st\u00fctzt ohne einzuengen<\/p>\n<p>&nbsp;<\/p>\n<h3 class=\"p1\"><b>PFLEGE<\/b><\/h3>\n<p class=\"p2\">Mit \u00e4hnlichen Farben waschen<\/p>\n<p class=\"p2\">Auf links drehen vor dem Waschen<\/p>\n<p class=\"p2\">Bei max. 30\u00b0 waschen<\/p>\n<p class=\"p2\">Nicht f\u00fcr den Trockner geeignet<\/p>\n<p>&nbsp;<\/p>\n<h3 class=\"p1\"><b>FEATURES<\/b><\/h3>\n<p class=\"p2\">Soft-Touch Stretch \u2013 super bequem &amp; bewegungsfreundlich<\/p>\n<p class=\"p1\"><span class=\"s2\">Ideal f\u00fcr <\/span>Pilates \/ Yoga \/ Fitness \/ Alltag<\/p>\n<p class=\"p2\">Individuell klappbarer Bund f\u00fcr perfekte Passform<\/p>\n<p class=\"p1\">Reflektierendes Templeshape Logo<span class=\"s2\"> auf der R\u00fcckseite<\/span><\/p>\n<p>&nbsp;<\/p>\n<h3 class=\"p1\"><b>MATERIAL<\/b><\/h3>\n<p class=\"p2\">73 % Recycled Polyester<\/p>\n<p class=\"p2\">27 % Spandex<\/p>\n","protected":false},"excerpt":{"rendered":"<p class=\"p1\">Diese Flared Leggings verbinden Komfort, Flexibilit\u00e4t und Style mit unserem extrem atmungsaktiven, schnelltrocknenden Material \u2013 perfekt f\u00fcr Pilates, Yoga und alle deine t\u00e4glichen Bewegungsroutinen. Der flexible, individuell faltbare Bund sitzt bequem und sicher, w\u00e4hrend der Schlag-Schnitt mit seitlichem Schlitz maximale Bewegungsfreiheit bietet und deine Silhouette elegant betont.<\/p>\n<p class=\"p1\">Unsere Leggings werden auf Bali unter fairen Bedingungen hergestellt.<\/p>\n<p class=\"p3\">Martina ist 174 cm gro\u00df und tr\u00e4gt S.<\/p>\n","protected":false},"featured_media":8173,"comment_status":"open","ping_status":"closed","template":"","meta":{"wds_primary_product_brand":0,"wds_primary_product_cat":0},"product_brand":[],"product_cat":[40],"product_tag":[],"class_list":{"0":"post-8154","1":"product","2":"type-product","3":"status-publish","4":"has-post-thumbnail","6":"product_cat-active-wear-kleidung","7":"de-CH","8":"post-wrapper","9":"thrv_wrapper","11":"first","12":"instock","13":"taxable","14":"shipping-taxable","15":"purchasable","16":"product-type-variable"},"_links":{"self":[{"href":"https:\/\/templeshape.com\/wp-json\/wp\/v2\/product\/8154","targetHints":{"allow":["GET"]}}],"collection":[{"href":"https:\/\/templeshape.com\/wp-json\/wp\/v2\/product"}],"about":[{"href":"https:\/\/templeshape.com\/wp-json\/wp\/v2\/types\/product"}],"replies":[{"embeddable":true,"href":"https:\/\/templeshape.com\/wp-json\/wp\/v2\/comments?post=8154"}],"wp:featuredmedia":[{"embeddable":true,"href":"https:\/\/templeshape.com\/wp-json\/wp\/v2\/media\/8173"}],"wp:attachment":[{"href":"https:\/\/templeshape.com\/wp-json\/wp\/v2\/media?parent=8154"}],"wp:term":[{"taxonomy":"product_brand","embeddable":true,"href":"https:\/\/templeshape.com\/wp-json\/wp\/v2\/product_brand?post=8154"},{"taxonomy":"product_cat","embeddable":true,"href":"https:\/\/templeshape.com\/wp-json\/wp\/v2\/product_cat?post=8154"},{"taxonomy":"product_tag","embeddable":true,"href":"https:\/\/templeshape.com\/wp-json\/wp\/v2\/product_tag?post=8154"}],"curies":[{"name":"wp","href":"https:\/\/api.w.org\/{rel}","templated":true}]}}