{"id":8143,"date":"2025-10-31T10:49:02","date_gmt":"2025-10-31T10:49:02","guid":{"rendered":"https:\/\/templeshape.com\/?post_type=product&#038;p=8143"},"modified":"2026-04-27T12:31:27","modified_gmt":"2026-04-27T12:31:27","slug":"crop-top-2026","status":"publish","type":"product","link":"https:\/\/templeshape.com\/product\/crop-top-2026\/","title":{"rendered":"Crop Top"},"content":{"rendered":"<h2 style=\"text-align: left;\">STYLE<\/h2>\n<ul>\n<li style=\"text-align: left;\" data-pf-type=\"Paragraph\"><span data-pf-type=\"Text\">Crop Top faltbar (damit es zu hohen und tiefen Hosen getragen werden kann)<\/span><\/li>\n<li style=\"text-align: left;\" data-pf-type=\"Paragraph\"><span data-pf-type=\"Text\">Betont R\u00fcckenmuskulatur<\/span><\/li>\n<li style=\"text-align: left;\" data-pf-type=\"Paragraph\"><span data-pf-type=\"Text\">Schnitt, der alles an Ort und Stelle h\u00e4lt<\/span><\/li>\n<li style=\"text-align: left;\" data-pf-type=\"Paragraph\"><span data-pf-type=\"Text\">Eher eng geschnitten<\/span><\/li>\n<\/ul>\n<h2 style=\"text-align: left;\">PFLEGE<\/h2>\n<ul>\n<li>Mit den gleichen Farben waschen<\/li>\n<li data-pf-type=\"Paragraph\"><span data-pf-type=\"Text\">Nach innen kehren beim Waschen<\/span><\/li>\n<li data-pf-type=\"Paragraph\"><span data-pf-type=\"Text\">Bei max. 30\u00b0 waschen<\/span><\/li>\n<li data-pf-type=\"Paragraph\"><span data-pf-type=\"Text\">Nicht f\u00fcr den Trockner geeignet<\/span><\/li>\n<\/ul>\n<h2 style=\"text-align: left;\">FEATURES<\/h2>\n<ul>\n<li data-pf-type=\"Paragraph\"><span data-pf-type=\"Text\"><span data-pf-type=\"Text\">Einschubtaschen f\u00fcr Cups<\/span><\/span><\/li>\n<li data-pf-type=\"Paragraph\"><span data-pf-type=\"Text\"><span data-pf-type=\"Text\">F\u00fcr Yoga\/ Fitness \/ Pilates \/ Joggen geeignet<\/span><\/span><\/li>\n<li data-pf-type=\"Paragraph\"><span data-pf-type=\"Text\"><span data-pf-type=\"Text\">Licht reflektierender Print auf R\u00fcckenpartie<\/span><\/span><\/li>\n<\/ul>\n<h2 style=\"text-align: left;\">MATERIAL<\/h2>\n<ul>\n<li data-pf-type=\"Paragraph\">7<span data-pf-type=\"Text\">3 % Recycled Polyester<\/span><\/li>\n<li><span data-pf-type=\"Text\">27 % Spandex<\/span><\/li>\n<\/ul>\n","protected":false},"excerpt":{"rendered":"<p>Dieser Sport BH kombiniert Halt und Bedeckung mit unserem extrem atmungsaktiven, schnelltrocknenden Material, sodass du gut durch intensive, schwei\u00dftreibende Workouts kommst.<\/p>\n<p>Unsere Kleider werden auf Bali unter fairen Bedingungen hergestellt.<\/p>\n<p>Gr\u00f6sse: Martina tr\u00e4gt auf den Bildern die Gr\u00f6sse M im Top.<\/p>\n","protected":false},"featured_media":8141,"comment_status":"open","ping_status":"closed","template":"","meta":{"wds_primary_product_brand":0,"wds_primary_product_cat":0},"product_brand":[],"product_cat":[40],"product_tag":[],"class_list":{"0":"post-8143","1":"product","2":"type-product","3":"status-publish","4":"has-post-thumbnail","6":"product_cat-active-wear-kleidung","7":"de-CH","8":"post-wrapper","9":"thrv_wrapper","11":"first","12":"instock","13":"taxable","14":"shipping-taxable","15":"purchasable","16":"product-type-variable"},"_links":{"self":[{"href":"https:\/\/templeshape.com\/wp-json\/wp\/v2\/product\/8143","targetHints":{"allow":["GET"]}}],"collection":[{"href":"https:\/\/templeshape.com\/wp-json\/wp\/v2\/product"}],"about":[{"href":"https:\/\/templeshape.com\/wp-json\/wp\/v2\/types\/product"}],"replies":[{"embeddable":true,"href":"https:\/\/templeshape.com\/wp-json\/wp\/v2\/comments?post=8143"}],"wp:featuredmedia":[{"embeddable":true,"href":"https:\/\/templeshape.com\/wp-json\/wp\/v2\/media\/8141"}],"wp:attachment":[{"href":"https:\/\/templeshape.com\/wp-json\/wp\/v2\/media?parent=8143"}],"wp:term":[{"taxonomy":"product_brand","embeddable":true,"href":"https:\/\/templeshape.com\/wp-json\/wp\/v2\/product_brand?post=8143"},{"taxonomy":"product_cat","embeddable":true,"href":"https:\/\/templeshape.com\/wp-json\/wp\/v2\/product_cat?post=8143"},{"taxonomy":"product_tag","embeddable":true,"href":"https:\/\/templeshape.com\/wp-json\/wp\/v2\/product_tag?post=8143"}],"curies":[{"name":"wp","href":"https:\/\/api.w.org\/{rel}","templated":true}]}}