{"id":944,"date":"2023-12-19T13:48:55","date_gmt":"2023-12-19T13:48:55","guid":{"rendered":"https:\/\/templeshape.com\/?page_id=944"},"modified":"2025-06-05T09:23:15","modified_gmt":"2025-06-05T09:23:15","slug":"unsere-story","status":"publish","type":"page","link":"https:\/\/templeshape.com\/unsere-story\/","title":{"rendered":"Unsere Story"},"content":{"rendered":"<h1 style=\"color: var(--tcb-skin-color-24) !important; --tcb-applied-color: var$(--tcb-skin-color-24) !important;\">Unsere Story<\/h1>\n<p style=\"\">Weshalb Templeshape existiert.<\/p>\n<h3 style=\"\">Unser Anfang<\/h3>\n<p>Als Mira und Dani sich 2016 an der Universit\u00e4t kennenlernten, stellten sie schnell fest, dass sie ihre Hauptleidenschaften teilen: Essen, Sport, Menschen und Hosting.<\/p>\n<p>Sie wollten ihre F\u00e4higkeiten nutzen, um andere zu bereichern und zu st\u00e4rken, und haben sich deshalb etwas ausgedacht, das es in Z\u00fcrich noch nicht gab: Mira als exzellente K\u00f6chin und Dani als leidenschaftliche Fitnesstrainerin veranstalteten im April il 2017 ihr erstes Bootcamp &amp; <a href=\"https:\/\/templeshape.com\/product\/yoga-brunch-25h-hotel-west\/\" target=\"_blank\">Brunch<\/a>-Event.<\/p>\n<p><span><img decoding=\"async\" alt=\"\" data-id=\"948\" width=\"267\" data-init-width=\"1181\" height=\"178\" data-init-height=\"787\" title=\"Templeshape_friends\" src=\"https:\/\/templeshape.com\/wp-content\/uploads\/2023\/12\/Templeshape_friends.jpg\" data-width=\"267\" data-height=\"178\" style=\"aspect-ratio: auto 1181 \/ 787;\" loading=\"lazy\" data-><\/span><span><img decoding=\"async\" alt=\"\" data-id=\"946\" width=\"269\" data-init-width=\"900\" height=\"179\" data-init-height=\"600\" title=\"pf-029ceb23--Templeshape-food-brekky\" src=\"https:\/\/templeshape.com\/wp-content\/uploads\/2023\/12\/pf-029ceb23-Templeshape-food-brekky.webp\" data-width=\"269\" data-height=\"179\" style=\"aspect-ratio: auto 900 \/ 600;\" loading=\"lazy\" data-><\/span><\/p>\n<p>Jedes folgende Event war ausgebucht und hat den beiden Damen gezeigt, dass Essen, Sport und gute Gesellschaft eine Kombination ist, nach der die Leute suchen.&nbsp;Unz\u00e4hlige Male wurden Mira und Dani von ihren Templeshape-Stammg\u00e4sten gebeten, einen R\u00fcckzugsort zu schaffen. Die beiden machten sich auf die Suche und fanden den perfekten Ort auf Teneriffa.Aber dann&#8230; traf der Covid die Welt. Teneriffa wurde abgesagt, was Templeshape aber nicht vom Tr\u00e4umen abhielt &#8211; sie veranstalteten im August 2020 ein super erfolgreiches Bootcamp &amp; Yoga Retreat in den Schweizer Bergen.Der Beginn einer neuen aufregenden \u00c4ra.<\/p>\n<h3 style=\"\">Unsere Leidenschaft<\/h3>\n<p>Das zweite Retreat in den Schweizer Bergen war schon nach kurzer Zeit ausgebucht und die weltweite Covid-Situation begann sich zu beruhigen.<\/p>\n<p>Der Traum, Retreats an anderen Orten als der Schweiz zu veranstalten, lebte wieder auf.<\/p>\n<p>Die beiden Powerfrauen haben sich vorgenommen, ihre Retreats ins Ausland zu verlegen, um gemeinsam mit ihren Templeshapern die sch\u00f6nsten Orte der Welt zu erkunden &#8211; angefangen damals mit Teneriffa.<\/p>\n<p>Die Vision von Dani und Mira ist es, das ganze Jahr \u00fcber an verschiedenen Orten revitalisierende Retreats zu veranstalten, damit die Menschen alle m\u00f6glichen sch\u00f6nen und exotischen Orte auf diesem Planeten kennenlernen k\u00f6nnen.<\/p>\n<p>Sie wollen ihren Templeshapers energiegeladene Wochen bieten, in denen sie K\u00f6rper, Geist und Seele verw\u00f6hnen k\u00f6nnen, indem sie vom Alltag abschalten, neue Energie tanken, tolle Menschen treffen und einen aktiven und gesunden Lebensstil genie\u00dfen.<\/p>\n<p><span><img decoding=\"async\" alt=\"Templeshape Retreat Spanien\" data-id=\"7087\" width=\"522\" data-init-width=\"1080\" height=\"522\" data-init-height=\"1080\" title=\"Templeshape Retreat Spanien\" src=\"https:\/\/templeshape.com\/wp-content\/uploads\/2025\/01\/Design-ohne-Titel-2025-01-30T122315.593.jpg\" data-width=\"522\" data-height=\"522\" style=\"aspect-ratio: auto 1080 \/ 1080;\" loading=\"lazy\"><\/span><a href=\"#tve-jump-186a7ce30bc\" jump-animation=\"smooth\"><\/a><\/p>\n","protected":false},"excerpt":{"rendered":"<p>Unsere Story Weshalb Templeshape existiert. Unser Anfang Als Mira und Dani sich 2016 an der Universit\u00e4t kennenlernten, stellten sie schnell fest, dass sie ihre Hauptleidenschaften teilen: Essen, Sport, Menschen und Hosting. Sie wollten ihre F\u00e4higkeiten nutzen, um andere zu bereichern und zu st\u00e4rken, und haben sich deshalb etwas ausgedacht, das es in Z\u00fcrich noch nicht [&hellip;]<\/p>\n","protected":false},"author":1,"featured_media":0,"parent":0,"menu_order":0,"comment_status":"closed","ping_status":"closed","template":"","meta":{"footnotes":""},"class_list":["post-944","page","type-page","status-publish","hentry","post-wrapper","thrv_wrapper"],"_links":{"self":[{"href":"https:\/\/templeshape.com\/wp-json\/wp\/v2\/pages\/944","targetHints":{"allow":["GET"]}}],"collection":[{"href":"https:\/\/templeshape.com\/wp-json\/wp\/v2\/pages"}],"about":[{"href":"https:\/\/templeshape.com\/wp-json\/wp\/v2\/types\/page"}],"author":[{"embeddable":true,"href":"https:\/\/templeshape.com\/wp-json\/wp\/v2\/users\/1"}],"replies":[{"embeddable":true,"href":"https:\/\/templeshape.com\/wp-json\/wp\/v2\/comments?post=944"}],"version-history":[{"count":11,"href":"https:\/\/templeshape.com\/wp-json\/wp\/v2\/pages\/944\/revisions"}],"predecessor-version":[{"id":7686,"href":"https:\/\/templeshape.com\/wp-json\/wp\/v2\/pages\/944\/revisions\/7686"}],"wp:attachment":[{"href":"https:\/\/templeshape.com\/wp-json\/wp\/v2\/media?parent=944"}],"curies":[{"name":"wp","href":"https:\/\/api.w.org\/{rel}","templated":true}]}}