{"id":628,"date":"2025-10-23T09:56:00","date_gmt":"2025-10-23T09:56:00","guid":{"rendered":"https:\/\/bluezone-retreats.com\/?page_id=628"},"modified":"2026-01-26T16:27:22","modified_gmt":"2026-01-26T16:27:22","slug":"yoga-in-wiedikon-zurich","status":"publish","type":"page","link":"https:\/\/templeshape.com\/templeshape-studio-wiedikon\/yoga-in-wiedikon-zurich\/","title":{"rendered":"Yoga in Wiedikon, Z\u00fcrich"},"content":{"rendered":"<h1 style=\"\">Yoga<\/h1>\n<h1 style=\"\">in Boutique Studio<\/h1>\n<h3 style=\"text-align: left;\">No-Judgement Yoga f\u00fcr alle<\/h3>\n<p>Eins schon einmal vorweg: Du brauchst nicht \u00abbeweglich\u00bb zu sein, um bei uns ins Yoga zu kommen!<\/p>\n<p>In unseren Stunden erwartet dich eine Variation aus verschiedenen Yoga Stilrichtungen f\u00fcr alle Niveaus. Im Stundenplan findest du alle Stilrichtungen und die dazugeh\u00f6rigen Zeiten und Tage.<\/p>\n<p>Bei uns gibt es weder Angeber, noch faule Yoginis. Alle arbeiten an sich und ihren Zielen oder kommen auch einfach einmal um loszulassen, reinzuschnuppern, abzuschalten oder um neue Leute zu treffen.Wir kombinieren in allen Stunden den Atem mit Bewegungen und arbeiten somit sowohl an Stabilisation, Beweglichkeit und Aufmerksamkeit, als auch an St\u00e4rke und Belastbarkeit.Du wirst verschiedene Methoden kennenlernen, um ins HIER und JETZT zu gelangen, die du vielleicht auch einmal im Alltag anwenden kannst.Um deine Yogamatte und sonstige Zusatzmaterialien k\u00fcmmern wir uns \u2013 bringe einfach dich selbst und sei offen, f\u00fcr eine neue Erfahrung.Die Templeshape Community steht f\u00fcr ein famili\u00e4res Umfeld und wir freuen uns schon darauf, dich willkommen zu heissen. Nach der Stunde bleibt auch immer noch Zeit f\u00fcr einen Austausch und ein Getr\u00e4nk.<\/p>\n<p> __CONFIG_colors_palette__{&#8220;active_palette&#8221;:0,&#8221;config&#8221;:{&#8220;colors&#8221;:{&#8220;62516&#8221;:{&#8220;name&#8221;:&#8221;Main Accent&#8221;,&#8221;parent&#8221;:-1}},&#8221;gradients&#8221;:[]},&#8221;palettes&#8221;:[{&#8220;name&#8221;:&#8221;Default Palette&#8221;,&#8221;value&#8221;:{&#8220;colors&#8221;:{&#8220;62516&#8221;:{&#8220;val&#8221;:&#8221;var(&#8211;tcb-color-0)&#8221;}},&#8221;gradients&#8221;:[]}}]}__CONFIG_colors_palette__ <a href=\"https:\/\/templeshape.com\/book\/#\/pricing\/r\/1059\/loc\/1107?group=0\" style=\"border: 1px solid var(--tcb-color-0);\" rel=\"nofollow\"> <span><span style=\"\">Probestunde buchen<\/span><span><\/span><\/span> <\/a> <span style=\"\"><img decoding=\"async\" alt=\"\" data-id=\"663\" width=\"533\" data-init-width=\"1000\" height=\"639\" data-init-height=\"1200\" title=\"yoga in wiedikon zurich\" src=\"https:\/\/templeshape.com\/wp-content\/uploads\/2023\/12\/Design-ohne-Titel-73.jpg\" data-width=\"533\" data-height=\"639\" style=\"aspect-ratio: auto 1000 \/ 1200;\" ml-d=\"-22.520999999999958\" mt-d=\"0\" loading=\"lazy\" data-><\/span><\/p>\n<h3 style=\"text-align: center;\">Kalender<\/h3>\n<p> [tcb-script]                            const date = Date.now();                            const xscript =  document.createElement(&#8220;script&#8221;);                            xscript.setAttribute(&#8220;src&#8221;,`https:\/\/templeshape.onbookee.com\/embed\/index.js?t=${date}`);                            const embedContainer = document.querySelector(&#8220;body&#8221;);                            xscript.onload = function () {new StudioYouEmbed(&#8216;templeshape.onbookee.com&#8217;);};                            embedContainer.appendChild(xscript);                        [\/tcb-script]<\/p>\n<h3 style=\"text-align: center;\">Preise<\/h3>\n<p>  <a href=\"#\" style=\"\"> <span style=\"\"><span style=\"\">Memberships<\/span><\/span> <\/a>  <a href=\"#\" style=\"\"> <span style=\"\"><span style=\"\">Credit Packs<\/span><\/span> <\/a>       <\/p>\n<p style=\"color: var(--tcb-skin-color-24) !important; --tcb-applied-color: var$(--tcb-skin-color-24) !important;\">The Starter 4<\/p>\n<h3 style=\"\">4 Credits<\/h3>\n<p style=\"text-align: right;\">99CHF\/mo<\/p>\n<p style=\"\">4 Stunden frei w\u00e4hlbar zwischen Bootcamp, Yoga oder Pilates.<\/p>\n<p style=\"\">24,75 CHF pro Stunde.<\/p>\n<p>  __CONFIG_colors_palette__{&#8220;active_palette&#8221;:0,&#8221;config&#8221;:{&#8220;colors&#8221;:{&#8220;c54ea&#8221;:{&#8220;name&#8221;:&#8221;Main Accent&#8221;,&#8221;parent&#8221;:-1}},&#8221;gradients&#8221;:[]},&#8221;palettes&#8221;:[{&#8220;name&#8221;:&#8221;Default Palette&#8221;,&#8221;value&#8221;:{&#8220;colors&#8221;:{&#8220;c54ea&#8221;:{&#8220;val&#8221;:&#8221;hsla(var(&#8211;tcb-main-master-h, 145), var(&#8211;tcb-main-master-s, 72%), var(&#8211;tcb-main-master-l, 76%), var(&#8211;tcb-main-master-a, 1))&#8221;,&#8221;hsl&#8221;:{&#8220;h&#8221;:145,&#8221;s&#8221;:0.73,&#8221;l&#8221;:0.77}}},&#8221;gradients&#8221;:[]},&#8221;original&#8221;:{&#8220;colors&#8221;:{&#8220;c54ea&#8221;:{&#8220;val&#8221;:&#8221;rgb(19, 114, 211)&#8221;,&#8221;hsl&#8221;:{&#8220;h&#8221;:210,&#8221;s&#8221;:0.83,&#8221;l&#8221;:0.45,&#8221;a&#8221;:1}}},&#8221;gradients&#8221;:[]}}]}__CONFIG_colors_palette__ <a href=\"https:\/\/templeshape.com\/book\/#\/pricing\/r\/1059\/loc\/1107?group=0\" style=\"\" rel=\"nofollow\"><span>  <\/span> <span style=\"\"><span style=\"\">Probestunde buchen<\/span><\/span> <\/a>          Beliebt<\/p>\n<p style=\"\">The Routine 16<\/p>\n<h3 style=\"\">16 Credits<\/h3>\n<p style=\"\">139CHF\/mo<\/p>\n<p style=\"\">16 Stunden frei w\u00e4hlbar zwischen Bootcamp, Yoga oder Pilates.8,69 CHF pro Stunde.<\/p>\n<p>  __CONFIG_colors_palette__{&#8220;active_palette&#8221;:0,&#8221;config&#8221;:{&#8220;colors&#8221;:{&#8220;c54ea&#8221;:{&#8220;name&#8221;:&#8221;Main Accent&#8221;,&#8221;parent&#8221;:-1}},&#8221;gradients&#8221;:[]},&#8221;palettes&#8221;:[{&#8220;name&#8221;:&#8221;Default Palette&#8221;,&#8221;value&#8221;:{&#8220;colors&#8221;:{&#8220;c54ea&#8221;:{&#8220;val&#8221;:&#8221;hsla(var(&#8211;tcb-main-master-h, 145), var(&#8211;tcb-main-master-s, 72%), var(&#8211;tcb-main-master-l, 76%), var(&#8211;tcb-main-master-a, 1))&#8221;,&#8221;hsl&#8221;:{&#8220;h&#8221;:145,&#8221;s&#8221;:0.73,&#8221;l&#8221;:0.77}}},&#8221;gradients&#8221;:[]},&#8221;original&#8221;:{&#8220;colors&#8221;:{&#8220;c54ea&#8221;:{&#8220;val&#8221;:&#8221;rgb(19, 114, 211)&#8221;,&#8221;hsl&#8221;:{&#8220;h&#8221;:210,&#8221;s&#8221;:0.83,&#8221;l&#8221;:0.45,&#8221;a&#8221;:1}}},&#8221;gradients&#8221;:[]}}]}__CONFIG_colors_palette__ <a href=\"https:\/\/templeshape.com\/book\/#\/pricing\/r\/1059\/loc\/1107?group=0\" style=\"\" rel=\"nofollow\"><span>  <\/span> <span style=\"\"><span style=\"\">Probestunde buchen<\/span><\/span> <\/a>          <\/p>\n<p style=\"color: var(--tcb-skin-color-24) !important; --tcb-applied-color: var$(--tcb-skin-color-24) !important;\">Drop-in<\/p>\n<h3 style=\"\">1 Credit<\/h3>\n<p style=\"text-align: right;\">30CHF<\/p>\n<p style=\"\">Eine Stunde Bootcamp, Yoga oder Pilates.&nbsp;<\/p>\n<p style=\"\">28 CHF pro Stunde.&nbsp;<\/p>\n<p>   __CONFIG_colors_palette__{&#8220;active_palette&#8221;:0,&#8221;config&#8221;:{&#8220;colors&#8221;:{&#8220;62516&#8221;:{&#8220;name&#8221;:&#8221;Main Accent&#8221;,&#8221;parent&#8221;:-1}},&#8221;gradients&#8221;:[]},&#8221;palettes&#8221;:[{&#8220;name&#8221;:&#8221;Default Palette&#8221;,&#8221;value&#8221;:{&#8220;colors&#8221;:{&#8220;62516&#8221;:{&#8220;val&#8221;:&#8221;var(&#8211;tcb-color-0)&#8221;}},&#8221;gradients&#8221;:[]}}]}__CONFIG_colors_palette__ <a href=\"https:\/\/templeshape.com\/book\/#\/pricing\/r\/1059\/loc\/1107?group=0\" style=\"border: 1px solid var(--tcb-color-0);\" rel=\"nofollow\"> <span><span style=\"\">Probestunde buchen<\/span><span><\/span><\/span> <\/a>          <\/p>\n<p style=\"\">Intro Session<\/p>\n<h3 style=\"\">1 Credit<\/h3>\n<p style=\"\">15CHF<\/p>\n<p style=\"\">Eine Stunde Bootcamp, Yoga oder Pilates.<\/p>\n<p style=\"\">15 CHF pro Stunde.&nbsp;<\/p>\n<p>   __CONFIG_colors_palette__{&#8220;active_palette&#8221;:0,&#8221;config&#8221;:{&#8220;colors&#8221;:{&#8220;62516&#8221;:{&#8220;name&#8221;:&#8221;Main Accent&#8221;,&#8221;parent&#8221;:-1}},&#8221;gradients&#8221;:[]},&#8221;palettes&#8221;:[{&#8220;name&#8221;:&#8221;Default Palette&#8221;,&#8221;value&#8221;:{&#8220;colors&#8221;:{&#8220;62516&#8221;:{&#8220;val&#8221;:&#8221;var(&#8211;tcb-color-0)&#8221;}},&#8221;gradients&#8221;:[]}}]}__CONFIG_colors_palette__ <a href=\"https:\/\/templeshape.com\/book\/#\/pricing\/r\/1059\/loc\/1107?group=0\" style=\"border: 1px solid var(--tcb-color-0);\" rel=\"nofollow\"> <span><span style=\"\">Probestunde buchen<\/span><span><\/span><\/span> <\/a>          <\/p>\n<p style=\"\">10-er Karte<\/p>\n<h3 style=\"\">10 Stunden<\/h3>\n<p style=\"text-align: right;\">270CHF<\/p>\n<p style=\"\">10 Stunden frei w\u00e4hlbar zwischen Bootcamp, Yoga oder Pilates.<\/p>\n<p style=\"\">25,80 CHF pro Stunde.&nbsp;<\/p>\n<p>   __CONFIG_colors_palette__{&#8220;active_palette&#8221;:0,&#8221;config&#8221;:{&#8220;colors&#8221;:{&#8220;62516&#8221;:{&#8220;name&#8221;:&#8221;Main Accent&#8221;,&#8221;parent&#8221;:-1}},&#8221;gradients&#8221;:[]},&#8221;palettes&#8221;:[{&#8220;name&#8221;:&#8221;Default Palette&#8221;,&#8221;value&#8221;:{&#8220;colors&#8221;:{&#8220;62516&#8221;:{&#8220;val&#8221;:&#8221;var(&#8211;tcb-color-0)&#8221;}},&#8221;gradients&#8221;:[]}}]}__CONFIG_colors_palette__ <a href=\"https:\/\/templeshape.com\/book\/#\/pricing\/r\/1059\/loc\/1107?group=0\" style=\"border: 1px solid var(--tcb-color-0);\" rel=\"nofollow\"> <span><span style=\"\">Probestunde buchen<\/span><span><\/span><\/span> <\/a>     <span><img decoding=\"async\" alt=\"Pilates Studion wiedikon\" data-id=\"7780\" width=\"234\" data-init-width=\"750\" height=\"234\" data-init-height=\"750\" title=\"Pilates Studion wiedikon\" src=\"https:\/\/templeshape.com\/wp-content\/uploads\/2025\/06\/5-1.jpg\" data-width=\"234\" data-height=\"234\" style=\"aspect-ratio: auto 750 \/ 750;\" loading=\"lazy\"><\/span><span><img decoding=\"async\" alt=\"Pilates studio wiedikon kreis 3\" data-id=\"7782\" width=\"324\" data-init-width=\"750\" height=\"324\" data-init-height=\"750\" title=\"Pilates studio wiedikon kreis 3\" src=\"https:\/\/templeshape.com\/wp-content\/uploads\/2025\/06\/7-1.jpg\" data-width=\"324\" data-height=\"324\" style=\"aspect-ratio: auto 750 \/ 750;\" loading=\"lazy\"><\/span><span><img decoding=\"async\" alt=\"mat pilates kreis 3\" data-id=\"7783\" width=\"359\" data-init-width=\"750\" height=\"359\" data-init-height=\"750\" title=\"mat pilates kreis 3\" src=\"https:\/\/templeshape.com\/wp-content\/uploads\/2025\/06\/8-1.jpg\" data-width=\"359\" data-height=\"359\" style=\"aspect-ratio: auto 750 \/ 750;\" loading=\"lazy\"><\/span><span><img decoding=\"async\" alt=\"mat pilates wiedikon\" data-id=\"7785\" width=\"359\" data-init-width=\"750\" height=\"359\" data-init-height=\"750\" title=\"mat pilates wiedikon\" src=\"https:\/\/templeshape.com\/wp-content\/uploads\/2025\/06\/10-1.jpg\" data-width=\"359\" data-height=\"359\" style=\"aspect-ratio: auto 750 \/ 750;\" loading=\"lazy\"><\/span><span><img decoding=\"async\" alt=\"pilates studio near me\" data-id=\"7777\" width=\"359\" data-init-width=\"750\" height=\"359\" data-init-height=\"750\" title=\"pilates studio near me\" src=\"https:\/\/templeshape.com\/wp-content\/uploads\/2025\/06\/2-2.jpg\" data-width=\"359\" data-height=\"359\" style=\"aspect-ratio: auto 750 \/ 750;\" loading=\"lazy\"><\/span><span><img decoding=\"async\" alt=\"boutique pilates near me\" data-id=\"7784\" width=\"359\" data-init-width=\"750\" height=\"359\" data-init-height=\"750\" title=\"boutique pilates near me\" src=\"https:\/\/templeshape.com\/wp-content\/uploads\/2025\/06\/9-1.jpg\" data-width=\"359\" data-height=\"359\" style=\"aspect-ratio: auto 750 \/ 750;\" loading=\"lazy\"><\/span><\/p>\n<h3 style=\"text-align: left; color: var(--tcb-skin-color-24) !important; --tcb-applied-color: var$(--tcb-skin-color-24) !important;\"><span style=\"font-weight: normal;\">Templeshape Yoga Standorte<\/span><\/h3>\n<p>Unsere Yoga Sessions finden an folgenden Standorten statt:<\/p>\n<ul>\n<li>In unserem Studio in der Manessestrasse 120 (indoor),&nbsp;<\/li>\n<li>bei der Rentenwiese (outdoor im Sommer)&nbsp;<\/li>\n<\/ul>\n<p> __CONFIG_colors_palette__{&#8220;active_palette&#8221;:0,&#8221;config&#8221;:{&#8220;colors&#8221;:{&#8220;62516&#8221;:{&#8220;name&#8221;:&#8221;Main Accent&#8221;,&#8221;parent&#8221;:-1}},&#8221;gradients&#8221;:[]},&#8221;palettes&#8221;:[{&#8220;name&#8221;:&#8221;Default Palette&#8221;,&#8221;value&#8221;:{&#8220;colors&#8221;:{&#8220;62516&#8221;:{&#8220;val&#8221;:&#8221;var(&#8211;tcb-color-0)&#8221;}},&#8221;gradients&#8221;:[]}}]}__CONFIG_colors_palette__ <a href=\"https:\/\/templeshape.com\/book\/#\/pricing\/r\/1059\/loc\/1107?group=0\" style=\"border: 1px solid var(--tcb-color-0);\" rel=\"nofollow\"> <span><span style=\"\">Probestunde buchen<\/span><span><\/span><\/span> <\/a> <\/p>\n<h2 style=\"text-align: center;\">Unser fantastisches Team<\/h2>\n<p style=\"text-align: center;\">Bei Templeshape w\u00e4hlen wir unsere Trainer:innen neben Kompetenz nach Offenheit und Herzlichkeit aus.<\/p>\n<p><span style=\"\"><img decoding=\"async\" alt=\"\" data-id=\"551\" width=\"196\" height=\"196\" title=\"3\" src=\"https:\/\/templeshape.com\/wp-content\/uploads\/2023\/12\/3-1.jpg\" style=\"aspect-ratio: auto 1080 \/ 1080;\" data-width=\"196\" data-height=\"196\" data-init-width=\"1080\" data-init-height=\"1080\" mt-d=\"0\" ml-d=\"0\" loading=\"lazy\" data-><\/span><\/p>\n<p>Was dich erwartet:<\/p>\n<p>Eine spielerische Stunde, in der wir an unserer Kraft, Beweglichkeit und Technik f\u00fcr das erlernen eines gesunden und \u00e4sthetischen Handstands schleifen. Beginner bis Intermediate friendly!&nbsp;<\/p>\n<p>Mira<\/p>\n<p>Handstand<\/p>\n<p><span style=\"\"><img decoding=\"async\" alt=\"\" data-id=\"665\" width=\"196\" height=\"196\" title=\"Yoga Zu\u0308rich\" src=\"https:\/\/templeshape.com\/wp-content\/uploads\/2023\/12\/Yoga-Zurich.jpg\" style=\"aspect-ratio: auto 675 \/ 675;\" data-width=\"196\" data-height=\"196\" data-init-width=\"675\" data-init-height=\"675\" mt-d=\"0\" ml-d=\"0\" loading=\"lazy\" data-><\/span><\/p>\n<p>Was dich erwartet:Verbindung von K\u00f6rper, Geist und Atem durch Yoga\u00fcbungen und Atemtechniken inspiriert von Katonah Yoga. So kann deine Energie frei fliessen, du erlangst Wohlbefinden und entfaltest dein Potential.<\/p>\n<p>Laura<\/p>\n<p>Yoga<\/p>\n<p><span style=\"\"><img decoding=\"async\" alt=\"Rada von Templeshape Yoga\" data-id=\"7104\" width=\"196\" height=\"196\" title=\"Rada von Templeshape Yoga\" src=\"https:\/\/templeshape.com\/wp-content\/uploads\/2025\/01\/Design-ohne-Titel-2025-01-30T163900.974.jpg\" style=\"aspect-ratio: auto 1080 \/ 1080;\" data-width=\"196\" data-height=\"196\" data-init-width=\"1080\" data-init-height=\"1080\" mt-d=\"0\" ml-d=\"0\" loading=\"lazy\"><\/span><\/p>\n<p>Eine abwechslungsreiche und flowige Vinyasa Yoga Klasse, bei der du deinen Atem gezielt einsetzt und im Wechselspiel von An- und Entspannung deinen K\u00f6rper im Raum wahrnimmst.<\/p>\n<\/p>\n<p>Rada<\/p>\n<p>Yoga<\/p>\n<p><span style=\"\"><img decoding=\"async\" alt=\"Vivi von Templeshape\" data-id=\"7103\" width=\"196\" height=\"196\" title=\"Vivi von Templeshape\" src=\"https:\/\/templeshape.com\/wp-content\/uploads\/2025\/01\/Design-ohne-Titel-2025-01-30T163839.723.jpg\" style=\"aspect-ratio: auto 1080 \/ 1080;\" data-width=\"196\" data-height=\"196\" data-init-width=\"1080\" data-init-height=\"1080\" mt-d=\"0\" ml-d=\"0\" loading=\"lazy\"><\/span><\/p>\n<p>Ich bem\u00fche mich, stets eine liebevolle und ruhige Atmosph\u00e4re zu schaffen, in der du zu dir finden kannst. W\u00e4hrend der Hatha Stunde lernst du, wie du dich durch verschiedene Asana-Positionen bewegst und dabei deinen Atem als Leitfaden nutzt.&nbsp;<\/p>\n<p>Vivi<\/p>\n<p>Yoga<\/p>\n<h2 style=\"text-align: left; color: var(--tcb-skin-color-24) !important; --tcb-applied-color: var$(--tcb-skin-color-24) !important;\"><span style=\"font-weight: normal;\">Du hast Fragen?<\/span><\/h2>\n<h2 style=\"text-align: left; color: var(--tcb-skin-color-24) !important; --tcb-applied-color: var$(--tcb-skin-color-24) !important;\"><span style=\"font-weight: normal;\">Meld&#8217; dich!<\/span><\/h2>\n","protected":false},"excerpt":{"rendered":"<p>Yoga in Boutique Studio No-Judgement Yoga f\u00fcr alle Eins schon einmal vorweg: Du brauchst nicht \u00abbeweglich\u00bb zu sein, um bei uns ins Yoga zu kommen! In unseren Stunden erwartet dich eine Variation aus verschiedenen Yoga Stilrichtungen f\u00fcr alle Niveaus. Im Stundenplan findest du alle Stilrichtungen und die dazugeh\u00f6rigen Zeiten und Tage. Bei uns gibt es [&hellip;]<\/p>\n","protected":false},"author":1,"featured_media":551,"parent":715,"menu_order":0,"comment_status":"closed","ping_status":"closed","template":"","meta":{"footnotes":""},"class_list":["post-628","page","type-page","status-publish","has-post-thumbnail","hentry","post-wrapper","thrv_wrapper"],"_links":{"self":[{"href":"https:\/\/templeshape.com\/wp-json\/wp\/v2\/pages\/628","targetHints":{"allow":["GET"]}}],"collection":[{"href":"https:\/\/templeshape.com\/wp-json\/wp\/v2\/pages"}],"about":[{"href":"https:\/\/templeshape.com\/wp-json\/wp\/v2\/types\/page"}],"author":[{"embeddable":true,"href":"https:\/\/templeshape.com\/wp-json\/wp\/v2\/users\/1"}],"replies":[{"embeddable":true,"href":"https:\/\/templeshape.com\/wp-json\/wp\/v2\/comments?post=628"}],"version-history":[{"count":37,"href":"https:\/\/templeshape.com\/wp-json\/wp\/v2\/pages\/628\/revisions"}],"predecessor-version":[{"id":8571,"href":"https:\/\/templeshape.com\/wp-json\/wp\/v2\/pages\/628\/revisions\/8571"}],"up":[{"embeddable":true,"href":"https:\/\/templeshape.com\/wp-json\/wp\/v2\/pages\/715"}],"wp:featuredmedia":[{"embeddable":true,"href":"https:\/\/templeshape.com\/wp-json\/wp\/v2\/media\/551"}],"wp:attachment":[{"href":"https:\/\/templeshape.com\/wp-json\/wp\/v2\/media?parent=628"}],"curies":[{"name":"wp","href":"https:\/\/api.w.org\/{rel}","templated":true}]}}