{"id":54,"date":"2023-11-21T10:05:31","date_gmt":"2023-11-21T10:05:31","guid":{"rendered":"https:\/\/templeshape.com\/generated-homepage\/"},"modified":"2026-03-16T14:18:38","modified_gmt":"2026-03-16T14:18:38","slug":"generated-homepage","status":"publish","type":"page","link":"https:\/\/templeshape.com\/","title":{"rendered":"Home"},"content":{"rendered":"<h1 style=\"\">Make HealthYour Habit<\/h1>\n<h1 style=\"text-align: left;\">FITNESS | YOGA | PILATES | EISBADEN | RETREATS<\/h1>\n<h1>FITNESS | YOGA | PILATES | EISBADEN | RETREATS<\/h1>\n<h2 style=\"\">Unsere Angebote<\/h2>\n<p><span style=\"\"><a href=\"https:\/\/templeshape.com\/retreats\/\"><img decoding=\"async\" alt=\"\" data-id=\"938\" width=\"257\" data-init-width=\"800\" height=\"257\" data-init-height=\"800\" title=\"Templeshape yoga retreat fitness\" data-src=\"https:\/\/templeshape.com\/wp-content\/uploads\/2023\/12\/Templeshape-yoga-retreat-fitness.jpg\" data-width=\"257\" data-height=\"257\" style=\"aspect-ratio: auto 800 \/ 800;\" mt-d=\"0\" ml-d=\"0\" center-v-d=\"false\" data-link-wrap=\"true\" src=\"https:\/\/templeshape.com\/wp-content\/uploads\/2023\/12\/Templeshape-yoga-retreat-fitness.jpg\" loading=\"lazy\" data->&amp;lt;img alt=&#8221;&#8221; data-id=&#8221;938&#8243; width=&#8221;244&#8243; data-init-width=&#8221;800&#8243; height=&#8221;244&#8243; data-init-height=&#8221;800&#8243; title=&#8221;Templeshape yoga retreat fitness&#8221; src=&#8221;https:\/\/templeshape.com\/wp-content\/uploads\/2023\/12\/Templeshape-yoga-retreat-fitness.jpg&#8221; data-width=&#8221;244&#8243; data-height=&#8221;244&#8243; style=&#8221;aspect-ratio: auto 800 \/ 800;&#8221; mt-d=&#8221;0&#8243; ml-d=&#8221;0&#8243; center-v-d=&#8221;false&#8221; loading=&#8221;lazy&#8221; data-link-wrap=&#8221;true&#8221;&amp;gt;<\/a><\/span><\/p>\n<p style=\"text-align: center;\">F\u00fcr die tiefe Auszeit.<\/p>\n<p><span style=\"\"><a href=\"https:\/\/templeshape.com\/templeshape-studio-wiedikon\/\"><img decoding=\"async\" alt=\"\" data-id=\"570\" width=\"257\" data-init-width=\"1080\" height=\"257\" data-init-height=\"1080\" title=\"fitness yoga studio\" data-src=\"https:\/\/templeshape.com\/wp-content\/uploads\/2023\/12\/21.jpg\" data-width=\"257\" data-height=\"257\" style=\"aspect-ratio: auto 1080 \/ 1080;\" mt-d=\"0\" ml-d=\"0\" center-v-d=\"false\" data-link-wrap=\"true\" src=\"https:\/\/templeshape.com\/wp-content\/uploads\/2023\/12\/21.jpg\" loading=\"lazy\" data->&amp;lt;img alt=&#8221;&#8221; data-id=&#8221;570&#8243; width=&#8221;257&#8243; data-init-width=&#8221;1080&#8243; height=&#8221;257&#8243; data-init-height=&#8221;1080&#8243; title=&#8221;fitness yoga studio&#8221; src=&#8221;https:\/\/templeshape.com\/wp-content\/uploads\/2023\/12\/21.jpg&#8221; data-width=&#8221;257&#8243; data-height=&#8221;257&#8243; style=&#8221;aspect-ratio: auto 1080 \/ 1080;&#8221; mt-d=&#8221;0&#8243; ml-d=&#8221;0&#8243; center-v-d=&#8221;false&#8221; loading=&#8221;lazy&#8221; data-link-wrap=&#8221;true&#8221;&amp;gt;<\/a><\/span><\/p>\n<p style=\"text-align: center;\">F\u00fcr deinen Alltag.<\/p>\n<p><span style=\"\"><a href=\"https:\/\/templeshape.com\/corporate-yoga-fitness\/\"><img decoding=\"async\" alt=\"\" data-id=\"559\" width=\"257\" data-init-width=\"1080\" height=\"257\" data-init-height=\"1080\" title=\"10\" data-src=\"https:\/\/templeshape.com\/wp-content\/uploads\/2023\/12\/10-1.jpg\" data-width=\"257\" data-height=\"257\" style=\"aspect-ratio: auto 1080 \/ 1080;\" mt-d=\"0\" ml-d=\"0\" center-v-d=\"false\" data-link-wrap=\"true\" src=\"https:\/\/templeshape.com\/wp-content\/uploads\/2023\/12\/10-1.jpg\" loading=\"lazy\" data->&amp;lt;img alt=&#8221;&#8221; data-id=&#8221;559&#8243; width=&#8221;257&#8243; data-init-width=&#8221;1080&#8243; height=&#8221;257&#8243; data-init-height=&#8221;1080&#8243; title=&#8221;10&#8243; src=&#8221;https:\/\/templeshape.com\/wp-content\/uploads\/2023\/12\/10-1.jpg&#8221; data-width=&#8221;257&#8243; data-height=&#8221;257&#8243; style=&#8221;aspect-ratio: auto 1080 \/ 1080;&#8221; mt-d=&#8221;0&#8243; ml-d=&#8221;0&#8243; center-v-d=&#8221;false&#8221; loading=&#8221;lazy&#8221; data-link-wrap=&#8221;true&#8221;&amp;gt;<\/a><\/span><\/p>\n<p style=\"text-align: center;\">F\u00fcr dein Team.<\/p>\n<h2 style=\"text-align: center; color: var(--tcb-skin-color-24) !important; --tcb-applied-color: var$(--tcb-skin-color-24) !important;\"><span style=\"font-weight: normal;\">Betritt deinen Temple. <\/span><span style=\"font-weight: normal;\"><\/span><span style=\"font-weight: normal;\">Genau so, wie du bist.<\/span><\/h2>\n<p data-block-id=\"block-acc37bb0-ec91-4e1c-8423-fd97c3b8c755\" style=\"text-align: center;\">Du bist einzigartig und steckst voller Sch\u00f6nheit, Talent und Energie. Dein K\u00f6rper ist ein Tempel, ein Meisterwerk bestehend aus Body (K\u00f6rper), Mind (Verstand) und Spirit (Seele).<\/p>\n<p data-block-id=\"block-acc37bb0-ec91-4e1c-8423-fd97c3b8c755\" style=\"text-align: center;\">Unsere Philosophie ist einfach: Wir feiern deinen Einsatz und deine pers\u00f6nliche Entwicklung. Wenn du einen Ort suchst, an dem es um freundliche Anleitung, nachhaltige Gesundheit, echte Lebensfreude und eine unterst\u00fctzende Gemeinschaft geht, bist du bei uns goldrichtig. Den Wettkampf um den perfekten K\u00f6rper \u00fcberlassen wir gerne anderen Studios.Wir wissen, dass der erste Schritt oft der schwerste ist. Deshalb bildet unsere Community den sicheren Rahmen f\u00fcr deinen Anfang. Hier musst du niemanden beeindrucken. Stattdessen findest du Anleitung und echten Zuspruch, um Bewegung zu einem positiven Teil deines Lebens zu machen.<\/p>\n<p data-block-id=\"block-acc37bb0-ec91-4e1c-8423-fd97c3b8c755\" style=\"text-align: center;\">Ob schweisstreibender Push oder ruhiger Flow \u2013 deine Zeit bei uns soll dich bewegen. Und wir glauben fest daran, dass sie voller G\u00e4nsehaut-Momente, purer Energie und dein absolutes Tages-Highlight sein kann.<\/p>\n<p><span style=\"\"><img decoding=\"async\" alt=\"\" data-id=\"157\" width=\"268\" data-init-width=\"800\" height=\"536\" data-init-height=\"1600\" title=\"Design ohne Titel (69)\" data-src=\"https:\/\/templeshape.com\/wp-content\/uploads\/2023\/11\/Design-ohne-Titel-69.jpg\" data-width=\"268\" data-height=\"536\" style=\"aspect-ratio: auto 800 \/ 1600;\" mt-d=\"0\" ml-d=\"-10.297000000000025\" ml-m=\"0\" mt-m=\"-114\" center-v-m=\"true\" src=\"https:\/\/templeshape.com\/wp-content\/uploads\/2023\/11\/Design-ohne-Titel-69.jpg\" loading=\"lazy\" data->&amp;lt;img alt=&#8221;&#8221; data-id=&#8221;157&#8243; width=&#8221;268&#8243; data-init-width=&#8221;800&#8243; height=&#8221;536&#8243; data-init-height=&#8221;1600&#8243; title=&#8221;Design ohne Titel (69)&#8221; src=&#8221;https:\/\/templeshape.com\/wp-content\/uploads\/2023\/11\/Design-ohne-Titel-69.jpg&#8221; data-width=&#8221;268&#8243; data-height=&#8221;536&#8243; style=&#8221;aspect-ratio: auto 800 \/ 1600;&#8221; mt-d=&#8221;0&#8243; ml-d=&#8221;-10.297000000000025&#8243; loading=&#8221;lazy&#8221; ml-m=&#8221;0&#8243; mt-m=&#8221;-114&#8243; center-v-m=&#8221;true&#8221;&amp;gt;<\/span><span><img decoding=\"async\" alt=\"anne evard templeshape\" data-id=\"7085\" width=\"238\" data-init-width=\"1080\" height=\"238\" data-init-height=\"1080\" title=\"anne evard templeshape\" data-src=\"https:\/\/templeshape.com\/wp-content\/uploads\/2023\/11\/Design-ohne-Titel-70.jpg\" data-width=\"238\" data-height=\"238\" style=\"aspect-ratio: auto 1080 \/ 1080;\" src=\"https:\/\/templeshape.com\/wp-content\/uploads\/2025\/01\/anne-evard-templeshape.jpg\" loading=\"lazy\">&amp;lt;img alt=&#8221;&#8221; data-id=&#8221;158&#8243; width=&#8221;258&#8243; data-init-width=&#8221;800&#8243; height=&#8221;258&#8243; data-init-height=&#8221;800&#8243; title=&#8221;Design ohne Titel (70)&#8221; src=&#8221;https:\/\/templeshape.com\/wp-content\/uploads\/2023\/11\/Design-ohne-Titel-70.jpg&#8221; data-width=&#8221;258&#8243; data-height=&#8221;258&#8243; style=&#8221;aspect-ratio: auto 800 \/ 800;&#8221; loading=&#8221;lazy&#8221;&amp;gt;<\/span><span><img decoding=\"async\" alt=\"\" data-id=\"161\" width=\"258\" data-init-width=\"800\" height=\"258\" data-init-height=\"800\" title=\"Sabrina Templeshape Retreats\" data-src=\"https:\/\/templeshape.com\/wp-content\/uploads\/2023\/11\/2.jpg\" data-width=\"258\" data-height=\"258\" style=\"aspect-ratio: auto 800 \/ 800;\" src=\"https:\/\/templeshape.com\/wp-content\/uploads\/2023\/11\/2.jpg\" loading=\"lazy\" data->&amp;lt;img alt=&#8221;&#8221; data-id=&#8221;161&#8243; width=&#8221;258&#8243; data-init-width=&#8221;800&#8243; height=&#8221;258&#8243; data-init-height=&#8221;800&#8243; title=&#8221;Sabrina Templeshape Retreats&#8221; src=&#8221;https:\/\/templeshape.com\/wp-content\/uploads\/2023\/11\/2.jpg&#8221; data-width=&#8221;258&#8243; data-height=&#8221;258&#8243; style=&#8221;aspect-ratio: auto 800 \/ 800;&#8221; loading=&#8221;lazy&#8221;&amp;gt;<\/span><\/p>\n<h2 style=\"\">Unsere Story<\/h2>\n<p>Wir sind Mira und Dani &#8211; zwei beste Freundinnen aus der Region Z\u00fcrich.<\/p>\n<p>2017 starteten wir unser Fitness &amp; Brunch Konzept, wo unsere Templeshaper*innen zuerst mit Dani Bootcamp Workouts machten und danach ein von Mira zubereitetes gesundes Festmahl genossen.<\/p>\n<p>Von Tag 1 an haben unsere Templeshaper*innen uns gefragt, wann wir das Ganze in ein Retreat verwandeln w\u00fcrden. Im Jahr 2020 war es dann soweit&#8230;<\/p>\n<p><a href=\"https:\/\/templeshape.com\/unsere-story\/\"><\/a><\/p>\n<h5 style=\"text-align: left;\"><a href=\"https:\/\/templeshape.com\/unsere-story\/\" data-tcb_hover_state_parent=\"\">Ganze Story lesen<\/a><\/h5>\n","protected":false},"excerpt":{"rendered":"<p>Make HealthYour Habit FITNESS | YOGA | PILATES | EISBADEN | RETREATS FITNESS | YOGA | PILATES | EISBADEN | RETREATS Unsere Angebote &amp;lt;img alt=&#8221;&#8221; data-id=&#8221;938&#8243; width=&#8221;244&#8243; data-init-width=&#8221;800&#8243; height=&#8221;244&#8243; data-init-height=&#8221;800&#8243; title=&#8221;Templeshape yoga retreat fitness&#8221; src=&#8221;https:\/\/templeshape.com\/wp-content\/uploads\/2023\/12\/Templeshape-yoga-retreat-fitness.jpg&#8221; data-width=&#8221;244&#8243; data-height=&#8221;244&#8243; style=&#8221;aspect-ratio: auto 800 \/ 800;&#8221; mt-d=&#8221;0&#8243; ml-d=&#8221;0&#8243; center-v-d=&#8221;false&#8221; loading=&#8221;lazy&#8221; data-link-wrap=&#8221;true&#8221;&amp;gt; F\u00fcr die tiefe Auszeit. &amp;lt;img alt=&#8221;&#8221; data-id=&#8221;570&#8243; width=&#8221;257&#8243; [&hellip;]<\/p>\n","protected":false},"author":1,"featured_media":0,"parent":0,"menu_order":0,"comment_status":"closed","ping_status":"closed","template":"","meta":{"footnotes":""},"class_list":["post-54","page","type-page","status-publish","hentry","post-wrapper","thrv_wrapper"],"_links":{"self":[{"href":"https:\/\/templeshape.com\/wp-json\/wp\/v2\/pages\/54","targetHints":{"allow":["GET"]}}],"collection":[{"href":"https:\/\/templeshape.com\/wp-json\/wp\/v2\/pages"}],"about":[{"href":"https:\/\/templeshape.com\/wp-json\/wp\/v2\/types\/page"}],"author":[{"embeddable":true,"href":"https:\/\/templeshape.com\/wp-json\/wp\/v2\/users\/1"}],"replies":[{"embeddable":true,"href":"https:\/\/templeshape.com\/wp-json\/wp\/v2\/comments?post=54"}],"version-history":[{"count":20,"href":"https:\/\/templeshape.com\/wp-json\/wp\/v2\/pages\/54\/revisions"}],"predecessor-version":[{"id":7772,"href":"https:\/\/templeshape.com\/wp-json\/wp\/v2\/pages\/54\/revisions\/7772"}],"wp:attachment":[{"href":"https:\/\/templeshape.com\/wp-json\/wp\/v2\/media?parent=54"}],"curies":[{"name":"wp","href":"https:\/\/api.w.org\/{rel}","templated":true}]}}