{"id":962,"date":"2023-12-19T15:08:11","date_gmt":"2023-12-19T15:08:11","guid":{"rendered":"https:\/\/templeshape.com\/?post_type=product&#038;p=962"},"modified":"2025-04-15T12:54:17","modified_gmt":"2025-04-15T12:54:17","slug":"active-wear-leggins-mit-tasche","status":"publish","type":"product","link":"https:\/\/templeshape.com\/product\/active-wear-leggins-mit-tasche\/","title":{"rendered":"Active Wear Leggins mit Tasche"},"content":{"rendered":"<h3>Details<\/h3>\n<div class=\"sc-bBHHxi gGMCwe pf-61_ pf-r pf-r-eh\" data-pf-type=\"Row\">\n<div class=\"pf-c\">\n<div class=\"sc-JkixQ lbFEmW pf-62_\" data-pf-type=\"Column\">\n<h4 class=\"sc-avest eSTvWa pf-63_\" data-pf-type=\"Heading\"><span class=\"sc-hGnimi cpnKBf pf-65_\" data-pf-type=\"Text\">STYLE<\/span><\/h4>\n<p class=\"sc-hYQoXb koTnzq pf-66_\" data-pf-type=\"Paragraph\"><span class=\"sc-hGnimi cpnKBf pf-68_\" data-pf-type=\"Text\">Anti Camel Toe Design<\/span><\/p>\n<p class=\"sc-hYQoXb koTnzq pf-69_\" data-pf-type=\"Paragraph\"><span class=\"sc-hGnimi cpnKBf pf-71_\" data-pf-type=\"Text\">H\u00fcftbund f\u00fcr Rutsch-sicheren Halt<\/span><\/p>\n<p class=\"sc-hYQoXb koTnzq pf-72_\" data-pf-type=\"Paragraph\"><span class=\"sc-hGnimi cpnKBf pf-74_\" data-pf-type=\"Text\">Seitliche Einschubtasche<\/span><\/p>\n<p class=\"sc-hYQoXb koTnzq pf-75_\" data-pf-type=\"Paragraph\"><span class=\"sc-hGnimi cpnKBf pf-77_\" data-pf-type=\"Text\">7\/8 L\u00e4nge f\u00fcr freie Kn\u00f6chel<\/span><\/p>\n<p data-pf-type=\"Paragraph\">\n<\/div>\n<\/div>\n<div class=\"pf-c\">\n<div class=\"sc-JkixQ lbFEmW pf-78_\" data-pf-type=\"Column\">\n<h4 class=\"sc-avest eSTvWa pf-79_\" data-pf-type=\"Heading\"><span class=\"sc-hGnimi cpnKBf pf-81_\" data-pf-type=\"Text\">MATERIAL<\/span><\/h4>\n<p class=\"sc-hYQoXb koTnzq pf-82_\" data-pf-type=\"Paragraph\"><span class=\"sc-hGnimi cpnKBf pf-84_\" data-pf-type=\"Text\">73 % Recycled Polyester<\/span><\/p>\n<p class=\"sc-hYQoXb koTnzq pf-85_\" data-pf-type=\"Paragraph\"><span class=\"sc-hGnimi cpnKBf pf-87_\" data-pf-type=\"Text\">27 % Spandex<\/span><\/p>\n<p data-pf-type=\"Paragraph\">\n<\/div>\n<\/div>\n<\/div>\n<div class=\"sc-bBHHxi gGMCwe pf-88_ pf-r pf-r-eh\" data-pf-type=\"Row\">\n<div class=\"pf-c\">\n<div class=\"sc-JkixQ lbFEmW pf-89_\" data-pf-type=\"Column\">\n<h4 class=\"sc-avest eSTvWa pf-90_\" data-pf-type=\"Heading\"><span class=\"sc-hGnimi cpnKBf pf-92_\" data-pf-type=\"Text\">PFLEGE<\/span><\/h4>\n<p class=\"sc-hYQoXb koTnzq pf-93_\" data-pf-type=\"Paragraph\"><span class=\"sc-hGnimi cpnKBf pf-95_\" data-pf-type=\"Text\">Mit gleichen Farben waschen<\/span><\/p>\n<p class=\"sc-hYQoXb koTnzq pf-96_\" data-pf-type=\"Paragraph\"><span class=\"sc-hGnimi cpnKBf pf-98_\" data-pf-type=\"Text\">Nach innen kehren beim Waschen<\/span><\/p>\n<p class=\"sc-hYQoXb koTnzq pf-99_\" data-pf-type=\"Paragraph\"><span class=\"sc-hGnimi cpnKBf pf-101_\" data-pf-type=\"Text\">Bei max. 30\u00b0 waschen<\/span><\/p>\n<p class=\"sc-hYQoXb koTnzq pf-102_\" data-pf-type=\"Paragraph\"><span class=\"sc-hGnimi cpnKBf pf-104_\" data-pf-type=\"Text\">Nicht f\u00fcr den Trockner geeignet<\/span><\/p>\n<p data-pf-type=\"Paragraph\">\n<\/div>\n<\/div>\n<div class=\"pf-c\">\n<div class=\"sc-JkixQ lbFEmW pf-105_\" data-pf-type=\"Column\">\n<h4 class=\"sc-avest eSTvWa pf-106_\" data-pf-type=\"Heading\"><span class=\"sc-hGnimi cpnKBf pf-108_\" data-pf-type=\"Text\">FEATURES<\/span><\/h4>\n<p class=\"sc-hYQoXb koTnzq pf-109_\" data-pf-type=\"Paragraph\"><span class=\"sc-hGnimi cpnKBf pf-111_\" data-pf-type=\"Text\">Atmungsaktiv<\/span><\/p>\n<p class=\"sc-hYQoXb koTnzq pf-112_\" data-pf-type=\"Paragraph\"><span class=\"sc-hGnimi cpnKBf pf-114_\" data-pf-type=\"Text\">Schwei\u00dftransportierend<\/span><\/p>\n<p class=\"sc-hYQoXb koTnzq pf-115_\" data-pf-type=\"Paragraph\"><span class=\"sc-hGnimi cpnKBf pf-117_\" data-pf-type=\"Text\">Butterweich<\/span><\/p>\n<\/div>\n<\/div>\n<\/div>\n","protected":false},"excerpt":{"rendered":"<p>Die Templeshape Leggins wurden\u00a0f\u00fcr\u00a0maximale Bequemlichkeit beim Yoga und Fitness kreiert.<\/p>\n<p>Der Bund an der H\u00fcfte ist\u00a0verstellbar, sodass die Leggins auch bei viel Bewegung nicht rutschen.<\/p>\n<p>Die Kleider werden auf Bali unter fairen Bedingungen hergestellt.<\/p>\n<p>Gr\u00f6sse: Dani tr\u00e4gt auf den Bildern S.<\/p>\n","protected":false},"featured_media":7502,"comment_status":"open","ping_status":"closed","template":"","meta":{"wds_primary_product_brand":0,"wds_primary_product_cat":0},"product_brand":[],"product_cat":[40],"product_tag":[44,45],"class_list":{"0":"post-962","1":"product","2":"type-product","3":"status-publish","4":"has-post-thumbnail","6":"product_cat-active-wear-kleidung","7":"product_tag-active-wear","8":"product_tag-leggins","9":"de-CH","10":"post-wrapper","11":"thrv_wrapper","13":"first","14":"instock","15":"taxable","16":"shipping-taxable","17":"purchasable","18":"product-type-variable","19":"has-default-attributes"},"_links":{"self":[{"href":"https:\/\/templeshape.com\/wp-json\/wp\/v2\/product\/962","targetHints":{"allow":["GET"]}}],"collection":[{"href":"https:\/\/templeshape.com\/wp-json\/wp\/v2\/product"}],"about":[{"href":"https:\/\/templeshape.com\/wp-json\/wp\/v2\/types\/product"}],"replies":[{"embeddable":true,"href":"https:\/\/templeshape.com\/wp-json\/wp\/v2\/comments?post=962"}],"wp:featuredmedia":[{"embeddable":true,"href":"https:\/\/templeshape.com\/wp-json\/wp\/v2\/media\/7502"}],"wp:attachment":[{"href":"https:\/\/templeshape.com\/wp-json\/wp\/v2\/media?parent=962"}],"wp:term":[{"taxonomy":"product_brand","embeddable":true,"href":"https:\/\/templeshape.com\/wp-json\/wp\/v2\/product_brand?post=962"},{"taxonomy":"product_cat","embeddable":true,"href":"https:\/\/templeshape.com\/wp-json\/wp\/v2\/product_cat?post=962"},{"taxonomy":"product_tag","embeddable":true,"href":"https:\/\/templeshape.com\/wp-json\/wp\/v2\/product_tag?post=962"}],"curies":[{"name":"wp","href":"https:\/\/api.w.org\/{rel}","templated":true}]}}