{"id":732,"date":"2024-10-16T09:31:51","date_gmt":"2024-10-16T09:31:51","guid":{"rendered":"https:\/\/templeshape.com\/?page_id=732"},"modified":"2026-01-26T16:27:10","modified_gmt":"2026-01-26T16:27:10","slug":"pilates-stunden-zuerich-wiedikon","status":"publish","type":"page","link":"https:\/\/templeshape.com\/templeshape-studio-wiedikon\/pilates-stunden-zuerich-wiedikon\/","title":{"rendered":"Pilates Stunden Zuerich Wiedikon"},"content":{"rendered":"<h1 style=\"\">Pilates<\/h1>\n<h1 style=\"\">in Boutique Studio<\/h1>\n<h1 style=\"text-align: left;\">Wiedikon<\/h1>\n<h1 style=\"text-align: center;\">IMSOUANE<\/h1>\n<h3 style=\"text-align: left;\">Pilates: Dein Matwork Paradies in Z\u00fcrich Wiedikon.<\/h3>\n<p>Du suchst nach einem <strong>Pilates Studio Z\u00fcrich Wiedikon<\/strong>, das mehr bietet als \u00fcberf\u00fcllte Kurse oder anonymes Ger\u00e4tetraining? Dann bist du in unserem herzlichen <strong>Boutique-Studio<\/strong> genau richtig. Dein K\u00f6rper ist dein Tempel, und die <strong>Joseph Pilates Methode<\/strong> ist der Schl\u00fcssel, ihn nachhaltig zu st\u00e4rken.<\/p>\n<p>Wir konzentrieren uns auf intensives und effektives <strong>Pilates Matwork Training<\/strong>. Hier lernst du, deine <strong>Core-Muskulatur<\/strong> (dein Kraftzentrum) gezielt zu aktivieren und eine neue <strong>dynamische Stabilit\u00e4t<\/strong> aufzubauen. W\u00e4hrend viele Studios auf <strong>Reformer-Ger\u00e4te<\/strong> setzen, vertrauen wir auf die Pr\u00e4zision der Matte, oft erg\u00e4nzt durch <strong>Kleinger\u00e4te<\/strong> wie B\u00e4lle und Ringe, um dir eine <strong>anspruchsvolle Challenge<\/strong> zu bieten. Dieses Training ist die perfekte <strong>Pr\u00e4vention<\/strong> gegen die typischen Beschwerden des modernen Alltags wie R\u00fcckenschmerzen oder Verspannungen.<\/p>\n<p>Unsere <strong>Pilates Stunden in Z\u00fcrich Wiedikon<\/strong> finden ausschliesslich in \u00fcberschaubaren <strong>Kleingruppen<\/strong> statt. Das garantiert dir eine individuelle Betreuung, die an <strong>Personal Training<\/strong> erinnert. Jede \u00dcbung wird mit klarer Anweisung und voller <strong>Achtsamkeit<\/strong> ausgef\u00fchrt. Bei uns trainierst du nicht nur deinen K\u00f6rper; du verbesserst deine <strong>Haltung<\/strong>, f\u00f6rderst deine <strong>Beweglichkeit<\/strong> und findest eine <strong>harmonische Balance<\/strong> zwischen Anspannung und Entspannung.<\/p>\n<p>Wir sind stolz, ein Studio im Herzen des <strong>Kreis 3<\/strong> zu sein, perfekt erreichbar von der <strong>Manessestrasse<\/strong> und in der N\u00e4he der <strong>Rentenwiese<\/strong>. Dein Investment in deine Gesundheit wird belohnt: Unser Angebot ist <strong>QualiCert\/Qualitop-zertifiziert<\/strong>, was bedeutet, dass deine <strong>Schweizer Krankenkasse<\/strong> die Kosten oft im Rahmen deiner Zusatzversicherung unterst\u00fctzt.<\/p>\n<p>Ob du <strong>Pilates Anf\u00e4nger<\/strong> bist oder ein <strong>fortgeschrittenes Training<\/strong> suchst \u2013 komm vorbei und erlebe den Unterschied. Bei uns steht die Community an erster Stelle: Du wirst trainiert, gest\u00e4rkt und immer mit einem L\u00e4cheln verabschiedet. <strong>Warte nicht auf den perfekten Moment, mach Gesundheit zu deiner Gewohnheit!<\/strong><\/p>\n<p><span><img decoding=\"async\" alt=\"fitness kloten pilates\" data-id=\"7701\" width=\"533\" data-init-width=\"1500\" height=\"533\" data-init-height=\"1500\" title=\"fitness kloten pilates\" src=\"https:\/\/templeshape.com\/wp-content\/uploads\/2025\/06\/3.jpg\" data-width=\"533\" data-height=\"533\" style=\"aspect-ratio: auto 1500 \/ 1500;\" loading=\"lazy\"><\/span><span><img decoding=\"async\" alt=\"matwork pilates reformer\" data-id=\"7778\" width=\"523\" data-init-width=\"750\" height=\"523\" data-init-height=\"750\" title=\"matwork pilates reformer\" src=\"https:\/\/templeshape.com\/wp-content\/uploads\/2025\/06\/3-2.jpg\" data-width=\"523\" data-height=\"523\" style=\"aspect-ratio: auto 750 \/ 750;\" loading=\"lazy\"><\/span><\/p>\n<h3 style=\"text-align: center;\">Kalender<\/h3>\n<p> [tcb-script]                            const date = Date.now();                            const xscript =  document.createElement(&#8220;script&#8221;);                            xscript.setAttribute(&#8220;src&#8221;,`https:\/\/templeshape.onbookee.com\/embed\/index.js?t=${date}`);                            const embedContainer = document.querySelector(&#8220;body&#8221;);                            xscript.onload = function () {new StudioYouEmbed(&#8216;templeshape.onbookee.com&#8217;);};                            embedContainer.appendChild(xscript);                        [\/tcb-script]<\/p>\n<h3 style=\"text-align: center;\">Preise<\/h3>\n<p>  <a href=\"#\" style=\"\"> <span style=\"\"><span style=\"\">Memberships<\/span><\/span> <\/a>  <a href=\"#\" style=\"\"> <span style=\"\"><span style=\"\">Credit Packs<\/span><\/span> <\/a>       <\/p>\n<p style=\"color: var(--tcb-skin-color-24) !important; --tcb-applied-color: var$(--tcb-skin-color-24) !important;\">The Starter 4<\/p>\n<h3 style=\"\">4 Credits<\/h3>\n<p style=\"text-align: right;\">99CHF\/mo<\/p>\n<p style=\"\">4 Stunden frei w\u00e4hlbar zwischen Bootcamp, Yoga oder Pilates.<\/p>\n<p style=\"\">24,75 CHF pro Stunde.<\/p>\n<p>  __CONFIG_colors_palette__{&#8220;active_palette&#8221;:0,&#8221;config&#8221;:{&#8220;colors&#8221;:{&#8220;c54ea&#8221;:{&#8220;name&#8221;:&#8221;Main Accent&#8221;,&#8221;parent&#8221;:-1}},&#8221;gradients&#8221;:[]},&#8221;palettes&#8221;:[{&#8220;name&#8221;:&#8221;Default Palette&#8221;,&#8221;value&#8221;:{&#8220;colors&#8221;:{&#8220;c54ea&#8221;:{&#8220;val&#8221;:&#8221;hsla(var(&#8211;tcb-main-master-h, 145), var(&#8211;tcb-main-master-s, 72%), var(&#8211;tcb-main-master-l, 76%), var(&#8211;tcb-main-master-a, 1))&#8221;,&#8221;hsl&#8221;:{&#8220;h&#8221;:145,&#8221;s&#8221;:0.73,&#8221;l&#8221;:0.77}}},&#8221;gradients&#8221;:[]},&#8221;original&#8221;:{&#8220;colors&#8221;:{&#8220;c54ea&#8221;:{&#8220;val&#8221;:&#8221;rgb(19, 114, 211)&#8221;,&#8221;hsl&#8221;:{&#8220;h&#8221;:210,&#8221;s&#8221;:0.83,&#8221;l&#8221;:0.45,&#8221;a&#8221;:1}}},&#8221;gradients&#8221;:[]}}]}__CONFIG_colors_palette__ <a href=\"https:\/\/templeshape.com\/book\/#\/pricing\/r\/1059\/loc\/1107?group=0\" style=\"\" rel=\"nofollow\"><span>  <\/span> <span style=\"\"><span style=\"\">Probestunde buchen<\/span><\/span> <\/a>          Beliebt<\/p>\n<p style=\"\">The Routine 16<\/p>\n<h3 style=\"\">16 Credits<\/h3>\n<p style=\"\">139CHF\/mo<\/p>\n<p style=\"\">16 Stunden frei w\u00e4hlbar zwischen Bootcamp, Yoga oder Pilates.8,69 CHF pro Stunde.<\/p>\n<p>  __CONFIG_colors_palette__{&#8220;active_palette&#8221;:0,&#8221;config&#8221;:{&#8220;colors&#8221;:{&#8220;c54ea&#8221;:{&#8220;name&#8221;:&#8221;Main Accent&#8221;,&#8221;parent&#8221;:-1}},&#8221;gradients&#8221;:[]},&#8221;palettes&#8221;:[{&#8220;name&#8221;:&#8221;Default Palette&#8221;,&#8221;value&#8221;:{&#8220;colors&#8221;:{&#8220;c54ea&#8221;:{&#8220;val&#8221;:&#8221;hsla(var(&#8211;tcb-main-master-h, 145), var(&#8211;tcb-main-master-s, 72%), var(&#8211;tcb-main-master-l, 76%), var(&#8211;tcb-main-master-a, 1))&#8221;,&#8221;hsl&#8221;:{&#8220;h&#8221;:145,&#8221;s&#8221;:0.73,&#8221;l&#8221;:0.77}}},&#8221;gradients&#8221;:[]},&#8221;original&#8221;:{&#8220;colors&#8221;:{&#8220;c54ea&#8221;:{&#8220;val&#8221;:&#8221;rgb(19, 114, 211)&#8221;,&#8221;hsl&#8221;:{&#8220;h&#8221;:210,&#8221;s&#8221;:0.83,&#8221;l&#8221;:0.45,&#8221;a&#8221;:1}}},&#8221;gradients&#8221;:[]}}]}__CONFIG_colors_palette__ <a href=\"https:\/\/templeshape.com\/book\/#\/pricing\/r\/1059\/loc\/1107?group=0\" style=\"\" rel=\"nofollow\"><span>  <\/span> <span style=\"\"><span style=\"\">Probestunde buchen<\/span><\/span> <\/a>          <\/p>\n<p style=\"color: var(--tcb-skin-color-24) !important; --tcb-applied-color: var$(--tcb-skin-color-24) !important;\">Drop-in<\/p>\n<h3 style=\"\">1 Credit<\/h3>\n<p style=\"text-align: right;\">30CHF<\/p>\n<p style=\"\">Eine Stunde Bootcamp, Yoga oder Pilates.&nbsp;<\/p>\n<p style=\"\">28 CHF pro Stunde.&nbsp;<\/p>\n<p>   __CONFIG_colors_palette__{&#8220;active_palette&#8221;:0,&#8221;config&#8221;:{&#8220;colors&#8221;:{&#8220;62516&#8221;:{&#8220;name&#8221;:&#8221;Main Accent&#8221;,&#8221;parent&#8221;:-1}},&#8221;gradients&#8221;:[]},&#8221;palettes&#8221;:[{&#8220;name&#8221;:&#8221;Default Palette&#8221;,&#8221;value&#8221;:{&#8220;colors&#8221;:{&#8220;62516&#8221;:{&#8220;val&#8221;:&#8221;var(&#8211;tcb-color-0)&#8221;}},&#8221;gradients&#8221;:[]}}]}__CONFIG_colors_palette__ <a href=\"https:\/\/templeshape.com\/book\/#\/pricing\/r\/1059\/loc\/1107?group=0\" style=\"border: 1px solid var(--tcb-color-0);\" rel=\"nofollow\"> <span><span style=\"\">Probestunde buchen<\/span><span><\/span><\/span> <\/a>          <\/p>\n<p style=\"\">Intro Session<\/p>\n<h3 style=\"\">1 Credit<\/h3>\n<p style=\"\">15CHF<\/p>\n<p style=\"\">Eine Stunde Bootcamp, Yoga oder Pilates.<\/p>\n<p style=\"\">15 CHF pro Stunde.&nbsp;<\/p>\n<p>   __CONFIG_colors_palette__{&#8220;active_palette&#8221;:0,&#8221;config&#8221;:{&#8220;colors&#8221;:{&#8220;62516&#8221;:{&#8220;name&#8221;:&#8221;Main Accent&#8221;,&#8221;parent&#8221;:-1}},&#8221;gradients&#8221;:[]},&#8221;palettes&#8221;:[{&#8220;name&#8221;:&#8221;Default Palette&#8221;,&#8221;value&#8221;:{&#8220;colors&#8221;:{&#8220;62516&#8221;:{&#8220;val&#8221;:&#8221;var(&#8211;tcb-color-0)&#8221;}},&#8221;gradients&#8221;:[]}}]}__CONFIG_colors_palette__ <a href=\"https:\/\/templeshape.com\/book\/#\/pricing\/r\/1059\/loc\/1107?group=0\" style=\"border: 1px solid var(--tcb-color-0);\" rel=\"nofollow\"> <span><span style=\"\">Probestunde buchen<\/span><span><\/span><\/span> <\/a>          <\/p>\n<p style=\"\">10-er Karte<\/p>\n<h3 style=\"\">10 Stunden<\/h3>\n<p style=\"text-align: right;\">270CHF<\/p>\n<p style=\"\">10 Stunden frei w\u00e4hlbar zwischen Bootcamp, Yoga oder Pilates.<\/p>\n<p style=\"\">25,80 CHF pro Stunde.&nbsp;<\/p>\n<p>   __CONFIG_colors_palette__{&#8220;active_palette&#8221;:0,&#8221;config&#8221;:{&#8220;colors&#8221;:{&#8220;62516&#8221;:{&#8220;name&#8221;:&#8221;Main Accent&#8221;,&#8221;parent&#8221;:-1}},&#8221;gradients&#8221;:[]},&#8221;palettes&#8221;:[{&#8220;name&#8221;:&#8221;Default Palette&#8221;,&#8221;value&#8221;:{&#8220;colors&#8221;:{&#8220;62516&#8221;:{&#8220;val&#8221;:&#8221;var(&#8211;tcb-color-0)&#8221;}},&#8221;gradients&#8221;:[]}}]}__CONFIG_colors_palette__ <a href=\"https:\/\/templeshape.com\/book\/#\/pricing\/r\/1059\/loc\/1107?group=0\" style=\"border: 1px solid var(--tcb-color-0);\" rel=\"nofollow\"> <span><span style=\"\">Probestunde buchen<\/span><span><\/span><\/span> <\/a>     <span><img decoding=\"async\" alt=\"Pilates Studion wiedikon\" data-id=\"7780\" width=\"234\" data-init-width=\"750\" height=\"234\" data-init-height=\"750\" title=\"Pilates Studion wiedikon\" src=\"https:\/\/templeshape.com\/wp-content\/uploads\/2025\/06\/5-1.jpg\" data-width=\"234\" data-height=\"234\" style=\"aspect-ratio: auto 750 \/ 750;\" loading=\"lazy\"><\/span><span><img decoding=\"async\" alt=\"Pilates studio wiedikon kreis 3\" data-id=\"7782\" width=\"324\" data-init-width=\"750\" height=\"324\" data-init-height=\"750\" title=\"Pilates studio wiedikon kreis 3\" src=\"https:\/\/templeshape.com\/wp-content\/uploads\/2025\/06\/7-1.jpg\" data-width=\"324\" data-height=\"324\" style=\"aspect-ratio: auto 750 \/ 750;\" loading=\"lazy\"><\/span><span><img decoding=\"async\" alt=\"mat pilates kreis 3\" data-id=\"7783\" width=\"359\" data-init-width=\"750\" height=\"359\" data-init-height=\"750\" title=\"mat pilates kreis 3\" src=\"https:\/\/templeshape.com\/wp-content\/uploads\/2025\/06\/8-1.jpg\" data-width=\"359\" data-height=\"359\" style=\"aspect-ratio: auto 750 \/ 750;\" loading=\"lazy\"><\/span><span><img decoding=\"async\" alt=\"mat pilates wiedikon\" data-id=\"7785\" width=\"359\" data-init-width=\"750\" height=\"359\" data-init-height=\"750\" title=\"mat pilates wiedikon\" src=\"https:\/\/templeshape.com\/wp-content\/uploads\/2025\/06\/10-1.jpg\" data-width=\"359\" data-height=\"359\" style=\"aspect-ratio: auto 750 \/ 750;\" loading=\"lazy\"><\/span><span><img decoding=\"async\" alt=\"pilates studio near me\" data-id=\"7777\" width=\"359\" data-init-width=\"750\" height=\"359\" data-init-height=\"750\" title=\"pilates studio near me\" src=\"https:\/\/templeshape.com\/wp-content\/uploads\/2025\/06\/2-2.jpg\" data-width=\"359\" data-height=\"359\" style=\"aspect-ratio: auto 750 \/ 750;\" loading=\"lazy\"><\/span><span><img decoding=\"async\" alt=\"boutique pilates near me\" data-id=\"7784\" width=\"359\" data-init-width=\"750\" height=\"359\" data-init-height=\"750\" title=\"boutique pilates near me\" src=\"https:\/\/templeshape.com\/wp-content\/uploads\/2025\/06\/9-1.jpg\" data-width=\"359\" data-height=\"359\" style=\"aspect-ratio: auto 750 \/ 750;\" loading=\"lazy\"><\/span><\/p>\n<h3 style=\"text-align: left; color: var(--tcb-skin-color-24) !important; --tcb-applied-color: var$(--tcb-skin-color-24) !important;\"><span style=\"font-weight: normal;\">Templeshape Pilates Standorte<\/span><\/h3>\n<p>Unsere Mat Pilates Stunden finden an folgenden Standorten statt:<\/p>\n<\/p>\n<ul>\n<li>In unserem Studio in der Manessestrasse 120 (indoor),&nbsp;<\/li>\n<li>bei der Rentenwiese (outdoor im Sommer)&nbsp;<\/li>\n<\/ul>\n<p>Unser Gebiet liegt damit zwischen <strong>Selnau<\/strong> und dem <strong>Uetliberg<\/strong>. Im Sommer trainieren wir sogar draussen bei der <strong>Rentenwiese<\/strong> oder im <strong>Seebad Enge<\/strong> (Outdoor-Bootcamp).<\/p>\n<h2 style=\"text-align: center;\">Unser fantastisches Team<\/h2>\n<p style=\"text-align: left;\">Bei Templeshape w\u00e4hlen wir unsere Pilates Trainer:innen neben Kompetenz nach Offenheit und Herzlichkeit aus.<\/p>\n<p><span style=\"\"><img decoding=\"async\" alt=\"Elena\" data-id=\"7577\" width=\"196\" height=\"196\" title=\"Elena\" src=\"https:\/\/templeshape.com\/wp-content\/uploads\/2025\/05\/Elena.jpg\" style=\"aspect-ratio: auto 600 \/ 600;\" data-width=\"196\" data-height=\"196\" data-init-width=\"600\" data-init-height=\"600\" mt-d=\"0\" ml-d=\"0\" loading=\"lazy\"><\/span><\/p>\n<p>Was dich erwartet:<\/p>\n<p>Bei mir erlebst du die transformative Kraft der <strong>Joseph Pilates Methode<\/strong>. Wir konzentrieren uns auf intensives <strong>Matwork Training<\/strong> und setzen Kleinger\u00e4te wie Ringe und B\u00e4lle ein, um tief in deine <strong>Core-Muskulatur<\/strong> zu gelangen. <em>Im Gegensatz zum <strong>Reformer Training<\/strong><\/em>, das oft in grossen Studios zu finden ist, stehst bei uns die Verbindung von <strong>Atem<\/strong> und Bewegung auf deiner <strong>Matte<\/strong> im Fokus.<\/p>\n<p>Elena<\/p>\n<p>Pilates<\/p>\n<p><span style=\"\"><img decoding=\"async\" alt=\"\" data-id=\"874\" width=\"196\" height=\"196\" title=\"Templeshape Martina\" src=\"https:\/\/templeshape.com\/wp-content\/uploads\/2023\/12\/Templeshape-Martina.jpeg\" style=\"aspect-ratio: auto 500 \/ 500;\" data-width=\"196\" data-height=\"196\" data-init-width=\"500\" data-init-height=\"500\" mt-d=\"0\" ml-d=\"0\" loading=\"lazy\" data-><\/span><\/p>\n<p>Was dich erwartet:<\/p>\n<p><strong>Matwork-Training in Z\u00fcrich Wiedikon:<\/strong> Auf deiner <strong>Pilates-Matte<\/strong> verbinden sich <strong>Kraft<\/strong> und <strong>Flexibilit\u00e4t<\/strong> mit dem Fokus auf <strong>dynamische Stabilit\u00e4t<\/strong> und <strong>Core-Muskulatur<\/strong>.&nbsp;Das Training ist ausgewogen, bietet aber immer eine <strong>anspruchsvolle Challenge<\/strong>, die durch unsere <strong>klaren Anweisungen<\/strong> und die Prinzipien der <strong>Joseph Pilates Methode<\/strong> betont wird.&nbsp;Denn bei uns ist das Training <strong>ganzheitlich<\/strong>: Neben professionellem <strong>Pilates Matwork<\/strong> und effektiver <strong>Pr\u00e4vention<\/strong> bekommst du immer auch ein L\u00e4cheln und warme <em>Hugs<\/em> \u2013 wir leben Community im <strong>Boutique-Studio<\/strong>-Stil!<\/p>\n<p>Martina<\/p>\n<p>Pilates<\/p>\n<p><span style=\"\"><img decoding=\"async\" alt=\"Annaelle Pilates Templeshape\" data-id=\"7106\" width=\"196\" height=\"196\" title=\"Annaelle Pilates Templeshape\" src=\"https:\/\/templeshape.com\/wp-content\/uploads\/2025\/01\/Design-ohne-Titel-2025-01-30T164313.167.jpg\" style=\"aspect-ratio: auto 1080 \/ 1080;\" data-width=\"196\" data-height=\"196\" data-init-width=\"1080\" data-init-height=\"1080\" mt-d=\"0\" ml-d=\"0\" loading=\"lazy\"><\/span><\/p>\n<p>Was dich erwartet:<\/p>\n<p>Dich erwartet ist eine dynamische Stunde, eine Fusion aus Tanz und Pilates, welche deine Muskulatur und Stabilit\u00e4t st\u00e4rkt und deine Beweglichkeit verbessert.&nbsp;Es geht um mehr als Fitness: <strong>Pilates in Z\u00fcrich Wiedikon<\/strong> ist effektive <strong>Pr\u00e4vention<\/strong> gegen R\u00fcckenschmerzen und verbessert deine <strong>Haltung<\/strong> nachhaltig. Du baust <strong>dynamische Stabilit\u00e4t<\/strong> auf und gewinnst im Alltag an <strong>Bewegungsqualit\u00e4t<\/strong>.<\/p>\n<p>Annaelle<\/p>\n<p>Flow Pilates<\/p>\n<h2 style=\"text-align: left; color: var(--tcb-skin-color-24) !important; --tcb-applied-color: var$(--tcb-skin-color-24) !important;\"><span style=\"font-weight: normal;\">Du hast Fragen?<\/span><\/h2>\n<h2 style=\"text-align: left; color: var(--tcb-skin-color-24) !important; --tcb-applied-color: var$(--tcb-skin-color-24) !important;\"><span style=\"font-weight: normal;\">Meld&#8217; dich!<\/span><\/h2>\n","protected":false},"excerpt":{"rendered":"<p>Pilates in Boutique Studio Wiedikon IMSOUANE Pilates: Dein Matwork Paradies in Z\u00fcrich Wiedikon. Du suchst nach einem Pilates Studio Z\u00fcrich Wiedikon, das mehr bietet als \u00fcberf\u00fcllte Kurse oder anonymes Ger\u00e4tetraining? Dann bist du in unserem herzlichen Boutique-Studio genau richtig. Dein K\u00f6rper ist dein Tempel, und die Joseph Pilates Methode ist der Schl\u00fcssel, ihn nachhaltig zu [&hellip;]<\/p>\n","protected":false},"author":1,"featured_media":0,"parent":715,"menu_order":0,"comment_status":"closed","ping_status":"closed","template":"","meta":{"footnotes":""},"class_list":["post-732","page","type-page","status-publish","hentry","post-wrapper","thrv_wrapper"],"_links":{"self":[{"href":"https:\/\/templeshape.com\/wp-json\/wp\/v2\/pages\/732","targetHints":{"allow":["GET"]}}],"collection":[{"href":"https:\/\/templeshape.com\/wp-json\/wp\/v2\/pages"}],"about":[{"href":"https:\/\/templeshape.com\/wp-json\/wp\/v2\/types\/page"}],"author":[{"embeddable":true,"href":"https:\/\/templeshape.com\/wp-json\/wp\/v2\/users\/1"}],"replies":[{"embeddable":true,"href":"https:\/\/templeshape.com\/wp-json\/wp\/v2\/comments?post=732"}],"version-history":[{"count":34,"href":"https:\/\/templeshape.com\/wp-json\/wp\/v2\/pages\/732\/revisions"}],"predecessor-version":[{"id":8570,"href":"https:\/\/templeshape.com\/wp-json\/wp\/v2\/pages\/732\/revisions\/8570"}],"up":[{"embeddable":true,"href":"https:\/\/templeshape.com\/wp-json\/wp\/v2\/pages\/715"}],"wp:attachment":[{"href":"https:\/\/templeshape.com\/wp-json\/wp\/v2\/media?parent=732"}],"curies":[{"name":"wp","href":"https:\/\/api.w.org\/{rel}","templated":true}]}}