{"id":523,"date":"2023-12-06T16:03:49","date_gmt":"2023-12-06T16:03:49","guid":{"rendered":"https:\/\/bluezone-retreats.com\/?page_id=523"},"modified":"2026-01-26T16:28:16","modified_gmt":"2026-01-26T16:28:16","slug":"personal-training-private-yoga","status":"publish","type":"page","link":"https:\/\/templeshape.com\/templeshape-studio-wiedikon\/personal-training-private-yoga\/","title":{"rendered":"Personal Training &#038; Private Yoga"},"content":{"rendered":"<h1 style=\"\" data-hide=\"true\">Personal Training &amp;<\/h1>\n<h1 style=\"\">Private Yoga<\/h1>\n<h1 style=\"text-align: left;\">Wiedikon<\/h1>\n<h1 style=\"text-align: center;\">IMSOUANE<\/h1>\n<h3 style=\"text-align: left;\">Herzliche &amp; kompetente 1:1 Betreuung<\/h3>\n<p>Bei Templeshape begr\u00fcsst man sich schnell mit einer Umarmung.&nbsp;<\/p>\n<p>Bei uns arbeiten ausschliesslich TrainerInnen, die wirklich Lust darauf haben mit dir zu trainieren anstatt die ganze Zeit auf die Uhr zu schauen.&nbsp;<\/p>\n<p>Zum Erreichen deine pers\u00f6nlichen Ziele entwerfen wir ein spezielles Programm f\u00fcr dich.<\/p>\n<p>Zum Erreichen deine pers\u00f6nlichen Ziele entwerfen wir ein spezielles Programm f\u00fcr dich. Wir bieten privates Yoga, Ausdauer-Fitness &amp; Bootcamp, Pilates oder auch Krafttraining an.&nbsp;<\/p>\n<p>Jedes Workout und jede Yogastunde wird auf dein Level angepasst, da wir streng darauf achten, dass jeder die \u00dcbungen in seinem Tempo sauber ausf\u00fchrt.<\/p>\n<p><a href=\"#tve-jump-18c598ee4a5\" jump-animation=\"smooth\"><\/a><\/p>\n<h5 style=\"text-align: left;\"><a href=\"#tve-jump-18c598ee4a5\" style=\"outline: none;\" data-tcb_hover_state_parent=\"\" jump-animation=\"smooth\">Kontakt aufnehmen<\/a><\/h5>\n<p><span><img decoding=\"async\" alt=\"\" data-id=\"570\" width=\"523\" data-init-width=\"1080\" height=\"523\" data-init-height=\"1080\" title=\"fitness yoga studio\" src=\"\/\/akt.828.myftpupload.com\/wp-content\/uploads\/2023\/12\/21.jpg\" data-width=\"523\" data-height=\"523\" style=\"aspect-ratio: auto 1080 \/ 1080;\" loading=\"lazy\" data-><\/span><span><img decoding=\"async\" alt=\"templeshape personal training studio\" data-id=\"5695\" width=\"483\" data-init-width=\"1500\" height=\"362\" data-init-height=\"1125\" title=\"templeshape personal training studio\" src=\"https:\/\/templeshape.com\/wp-content\/uploads\/2024\/05\/templeshape-personal-training-studio.jpg\" data-width=\"483\" data-height=\"362\" style=\"aspect-ratio: auto 1500 \/ 1125;\" loading=\"lazy\"><\/span><\/p>\n<h3 style=\"text-align: left;\">Personal Training mit Wohlf\u00fchlfaktor<\/h3>\n<p>Bei uns geht es&nbsp;nicht&nbsp;darum, m\u00f6glichst shredded zu sein, m\u00f6glichst viele Kilos durch die Gegend zu schmeissen und auf sein 6-Pack hin zu trainieren.&nbsp;<\/p>\n<p>Das sind Dinge, die als Nebeneffekt vom Personal Training entstehen k\u00f6nnen.<\/p>\n<p>Bei uns geht es aber prim\u00e4r um einen lifestyle change, mit dem Erfolge nachhaltig bestehen bleiben und mit dem du dich in deiner Haut wohl f\u00fchlst.<\/p>\n<p>Dazu geh\u00f6ren Sport in gesundem Mass und eine gesunde Ern\u00e4hrung.<\/p>\n<p>Unsere Workouts sind anspruchsvoll, aber auf jedes Level angepasst.&nbsp;<\/p>\n<p>Das schicke und grossfl\u00e4chige Personal Studio &#8211; das du privat f\u00fcr dich bekommst &#8211; wird von Kunden oftmals auch liebevoll als das erweiterte Wohnzimmer bezeichnet.<\/p>\n<p><a href=\"#tve-jump-18c598ee4a5\" jump-animation=\"smooth\"><\/a><\/p>\n<h5 style=\"text-align: left;\"><a href=\"#tve-jump-18c598ee4a5\" style=\"outline: none;\" data-tcb_hover_state_parent=\"\" jump-animation=\"smooth\">Kontakt aufnehmen<\/a><\/h5>\n<h3 style=\"text-align: center;\">Preise<\/h3>\n<p><a href=\"#\" style=\"\"><span style=\"\"><span style=\"\">Personal Training<\/span><\/span><\/a><a href=\"#\" style=\"\"><span style=\"\"><span style=\"\">Partner Training<\/span><\/span><\/a><\/p>\n<p style=\"\">Probetraining<\/p>\n<h4 style=\"\">1x<\/h4>\n<p style=\"text-align: right;\">75CHF<\/p>\n<p style=\"\">Trainiere das erste Mal zum verg\u00fcnstigten Preis von 75CHF.&nbsp;<\/p>\n<p style=\"\">\n<p style=\"\">Wir wissen n\u00e4mlich, dass die Chemie zuerst stimmen muss.<\/p>\n<p>Beliebt<\/p>\n<p style=\"\">10er Paket<\/p>\n<h4 style=\"\">10x<\/h4>\n<p style=\"\">130CHF<\/p>\n<p style=\"\">Mit dem 10er Paket trainierst du g\u00fcnstiger bei uns.<\/p>\n<p style=\"\">\n<p style=\"\">Macht das Aufbauen einer Routine besonders leicht.&nbsp;<\/p>\n<p style=\"\">Einzelstunde<\/p>\n<h4 style=\"\">1x<\/h4>\n<p style=\"text-align: right;\">150CHF<\/p>\n<p style=\"\">Das Personal Training kostet in der Regel 150CHF pro Stunde.<\/p>\n<p style=\"\">\n<p style=\"\">Mit dem 10er Paket bekommst du dein Training deutlich g\u00fcnstiger.<\/p>\n<p style=\"\">Probetraining p. P.<\/p>\n<h4 style=\"\">1x<\/h4>\n<p style=\"text-align: right;\">49CHF<\/p>\n<p style=\"\">Trainiert das erste Mal zum verg\u00fcnstigten Preis von 49CHF pro Person.<\/p>\n<p style=\"\">\n<p style=\"\">Wir wissen n\u00e4mlich, dass die Chemie zuerst stimmen muss.<\/p>\n<p>Beliebt<\/p>\n<p style=\"\">10er Paket p. p.<\/p>\n<h4 style=\"\">10x<\/h4>\n<p style=\"\">89CHF<\/p>\n<p style=\"\">Mit dem 10er Paket trainiert ihr g\u00fcnstiger bei uns.<\/p>\n<p style=\"\">\n<p style=\"\">Macht das Aufbauen einer Routine besonders leicht.&nbsp;<\/p>\n<p style=\"\">Einzelstunde p. P.<\/p>\n<h4 style=\"\">1x<\/h4>\n<p style=\"text-align: right;\">99CHF<\/p>\n<p style=\"\">Das Partner Training kostet in der Regel 198CHF pro Stunde, also 99 pro Person.<\/p>\n<p style=\"\">\n<p style=\"\">Mit dem 10er Paket bekommt ihr euer Training deutlich g\u00fcnstiger.<\/p>\n<h2 style=\"text-align: center;\">Mit wem du trainierst<\/h2>\n<p style=\"text-align: left;\">Bei Templeshape w\u00e4hlen wir unsere Pilates Trainer:innen neben Kompetenz nach Offenheit und Herzlichkeit aus.<\/p>\n<p><span style=\"\"><img decoding=\"async\" alt=\"\" data-id=\"622\" width=\"196\" height=\"196\" title=\"Pilates Bootcamp Zu\u0308rich (1)\" src=\"https:\/\/templeshape.com\/wp-content\/uploads\/2023\/12\/Pilates-Bootcamp-Zurich-1.jpg\" style=\"aspect-ratio: auto 675 \/ 675;\" data-width=\"196\" data-height=\"196\" data-init-width=\"675\" data-init-height=\"675\" mt-d=\"0\" ml-d=\"0\" loading=\"lazy\" data-><\/span><\/p>\n<p>Was dich erwartet:<\/p>\n<p>Sanfte Bewegungen, kraftvolles Gleichgewicht. Eine Fusion aus St\u00e4rke und Entspannung auf der Matte, geleitet von meiner ruhigen Anleitung. Ein vitalisierendes Erlebnis f\u00fcr deinen K\u00f6rper und Geist.<\/p>\n<p>Anne<\/p>\n<p>Personal Pilates<\/p>\n<p><span style=\"\"><img decoding=\"async\" alt=\"\" data-id=\"874\" width=\"196\" height=\"196\" title=\"Templeshape Martina\" src=\"https:\/\/templeshape.com\/wp-content\/uploads\/2023\/12\/Templeshape-Martina.jpeg\" style=\"aspect-ratio: auto 500 \/ 500;\" data-width=\"196\" data-height=\"196\" data-init-width=\"500\" data-init-height=\"500\" mt-d=\"0\" ml-d=\"0\" loading=\"lazy\" data-><\/span><\/p>\n<p>Was dich erwartet:<\/p>\n<p>Auf der Matte verbinden sich Kraft und Flexibilit\u00e4t in harmonischer Balance. Ein ausgewogenes Training und anspruchsvolles Training, betont durch meine klare Anweisungen. Und immer gibts warme Hugs:)<\/p>\n<p>Martina<\/p>\n<p>Personal Training<\/p>\n<p><span style=\"\"><img decoding=\"async\" alt=\"mira\" data-id=\"551\" width=\"196\" height=\"196\" title=\"mira\" src=\"https:\/\/templeshape.com\/wp-content\/uploads\/2023\/12\/3-1.jpg\" style=\"aspect-ratio: auto 1080 \/ 1080;\" data-width=\"196\" data-height=\"196\" data-init-width=\"1080\" data-init-height=\"1080\" mt-d=\"0\" ml-d=\"0\" loading=\"lazy\"><\/span><\/p>\n<p>Was dich erwartet:<\/p>\n<p>Eine abwechslungsreiche und flowige Vinyasa Yoga Klasse, bei der du deinen Atem gezielt einsetzt und im Wechselspiel von An- und Entspannung deinen K\u00f6rper im Raum wahrnimmst.&nbsp;<\/p>\n<p>Mira<\/p>\n<p>Personal Yoga<\/p>\n<h2 style=\"text-align: left; color: var(--tcb-skin-color-24) !important; --tcb-applied-color: var$(--tcb-skin-color-24) !important;\"><span style=\"font-weight: normal;\">Meld&#8217; dich, um deine erste Privatstunde zu besprechen.<\/span><\/h2>\n","protected":false},"excerpt":{"rendered":"<p>Personal Training &amp; Private Yoga Wiedikon IMSOUANE Herzliche &amp; kompetente 1:1 Betreuung Bei Templeshape begr\u00fcsst man sich schnell mit einer Umarmung.&nbsp; Bei uns arbeiten ausschliesslich TrainerInnen, die wirklich Lust darauf haben mit dir zu trainieren anstatt die ganze Zeit auf die Uhr zu schauen.&nbsp; Zum Erreichen deine pers\u00f6nlichen Ziele entwerfen wir ein spezielles Programm f\u00fcr [&hellip;]<\/p>\n","protected":false},"author":1,"featured_media":0,"parent":715,"menu_order":0,"comment_status":"closed","ping_status":"closed","template":"","meta":{"footnotes":""},"class_list":["post-523","page","type-page","status-publish","hentry","post-wrapper","thrv_wrapper"],"_links":{"self":[{"href":"https:\/\/templeshape.com\/wp-json\/wp\/v2\/pages\/523","targetHints":{"allow":["GET"]}}],"collection":[{"href":"https:\/\/templeshape.com\/wp-json\/wp\/v2\/pages"}],"about":[{"href":"https:\/\/templeshape.com\/wp-json\/wp\/v2\/types\/page"}],"author":[{"embeddable":true,"href":"https:\/\/templeshape.com\/wp-json\/wp\/v2\/users\/1"}],"replies":[{"embeddable":true,"href":"https:\/\/templeshape.com\/wp-json\/wp\/v2\/comments?post=523"}],"version-history":[{"count":29,"href":"https:\/\/templeshape.com\/wp-json\/wp\/v2\/pages\/523\/revisions"}],"predecessor-version":[{"id":8575,"href":"https:\/\/templeshape.com\/wp-json\/wp\/v2\/pages\/523\/revisions\/8575"}],"up":[{"embeddable":true,"href":"https:\/\/templeshape.com\/wp-json\/wp\/v2\/pages\/715"}],"wp:attachment":[{"href":"https:\/\/templeshape.com\/wp-json\/wp\/v2\/media?parent=523"}],"curies":[{"name":"wp","href":"https:\/\/api.w.org\/{rel}","templated":true}]}}