{"id":4863,"date":"2024-05-08T08:45:23","date_gmt":"2024-05-08T08:45:23","guid":{"rendered":"https:\/\/templeshape.com\/?page_id=4863"},"modified":"2025-07-02T08:04:04","modified_gmt":"2025-07-02T08:04:04","slug":"ernaehrungsberatung-wiedikon-kreis-3-zuerich","status":"publish","type":"page","link":"https:\/\/templeshape.com\/templeshape-studio-wiedikon\/ernaehrungsberatung-wiedikon-kreis-3-zuerich\/","title":{"rendered":"Ern\u00e4hrungsberatung Wiedikon Kreis 3 Z\u00fcrich"},"content":{"rendered":"<h1 style=\"\">Ern\u00e4hrungsberatung<\/h1>\n<h1 style=\"\">\u2013 Wiedikon, Kreis 3 \u2013<\/h1>\n<h1 style=\"text-align: center;\">WIEDIKON<\/h1>\n<h1 style=\"text-align: center;\">RENTENWIESE<\/h1>\n<h3 style=\"text-align: left;\">Ern\u00e4hrungsberatung in der N\u00e4he!<\/h3>\n<p>&nbsp;Unser Ansatz zur Ern\u00e4hrungsberatung ist ganzheitlich und individuell.<\/p>\n<p>Wir betrachten nicht nur deine Ern\u00e4hrungsgewohnheiten, sondern auch deinen Lebensstil, deine Gesundheitsgeschichte und deine pers\u00f6nlichen Pr\u00e4ferenzen.<\/p>\n<p>Wir sind bestrebt, eine vertrauensvolle und unterst\u00fctzende Umgebung zu schaffen, in der du dich wohl f\u00fchlst und motiviert bist, positive Ver\u00e4nderungen in deinem vorzunehmen.<\/p>\n<p><a href=\"https:\/\/templeshape.com\/ernaehrungsberatung-buchen\/\" rel=\"\"><\/a><\/p>\n<h5 style=\"text-align: left;\"><a href=\"https:\/\/templeshape.com\/ernaehrungsberatung-buchen\/\" style=\"outline: none;\" data-tcb_hover_state_parent=\"\">Kostenloses Erstgespr\u00e4ch vereinbaren<\/a><\/h5>\n<p><span style=\"\"><img decoding=\"async\" alt=\"dani\" data-id=\"6346\" width=\"354\" data-init-width=\"1080\" height=\"354\" data-init-height=\"1080\" title=\"dani\" data-src=\"https:\/\/templeshape.com\/wp-content\/uploads\/2023\/12\/8-1.jpg\" data-width=\"354\" data-height=\"354\" style=\"aspect-ratio: auto 1080 \/ 1080;\" src=\"https:\/\/templeshape.com\/wp-content\/uploads\/2024\/09\/dani-2.jpg\" mt-d=\"0\" ml-d=\"-4.905999999999949\" loading=\"lazy\">&amp;amp;amp;amp;amp;amp;amp;amp;amp;lt;img alt=&#8221;&#8221; data-id=&#8221;557&#8243; width=&#8221;523&#8243; data-init-width=&#8221;1080&#8243; height=&#8221;523&#8243; data-init-height=&#8221;1080&#8243; title=&#8221;8&#8243; src=&#8221;https:\/\/templeshape.com\/wp-content\/uploads\/2023\/12\/8-1.jpg&#8221; data-width=&#8221;523&#8243; data-height=&#8221;523&#8243; style=&#8221;aspect-ratio: auto 1080 \/ 1080;&#8221; loading=&#8221;lazy&#8221;&amp;amp;amp;amp;amp;amp;amp;amp;amp;gt;<\/span><span style=\"\"><img decoding=\"async\" alt=\"achtsamkeit beim essen\" data-id=\"7072\" width=\"523\" data-init-width=\"1456\" height=\"293\" data-init-height=\"816\" title=\"achtsamkeit beim essen\" data-src=\"https:\/\/templeshape.com\/wp-content\/uploads\/2023\/12\/19.jpg\" data-width=\"523\" data-height=\"293\" style=\"aspect-ratio: auto 1456 \/ 816;\" mt-d=\"0\" ml-d=\"0\" center-v-d=\"true\" src=\"https:\/\/templeshape.com\/wp-content\/uploads\/2025\/02\/achtsamkeit-beim-essen.jpeg\" loading=\"lazy\">&amp;amp;amp;amp;amp;amp;amp;amp;amp;lt;img alt=&#8221;&#8221; data-id=&#8221;568&#8243; width=&#8221;533&#8243; data-init-width=&#8221;1080&#8243; height=&#8221;533&#8243; data-init-height=&#8221;1080&#8243; title=&#8221;19&#8243; src=&#8221;https:\/\/templeshape.com\/wp-content\/uploads\/2023\/12\/19.jpg&#8221; data-width=&#8221;533&#8243; data-height=&#8221;533&#8243; style=&#8221;aspect-ratio: auto 1080 \/ 1080;&#8221; mt-d=&#8221;0&#8243; ml-d=&#8221;0&#8243; center-v-d=&#8221;true&#8221; loading=&#8221;lazy&#8221;&amp;amp;amp;amp;amp;amp;amp;amp;amp;gt;<\/span><\/p>\n<h3 style=\"text-align: left;\">Ablauf der Ern\u00e4hrungsberatung<\/h3>\n<\/p>\n<ol>\n<li>Du vereinbarst zuerst ein kostenloses Erstgespr\u00e4ch.<\/li>\n<li>In der Regel beinhaltet eine Ern\u00e4hrungsberatung 6 bis 12 Sitzungen, die im Abstand von 2 bis 4 Wochen stattfinden.<\/li>\n<li>Die Kosten f\u00fcr diese Beratungen k\u00f6nnen idR ab Ende 2025 \u00fcber die Grundversicherung der Krankenkasse abgerechnet werden.<\/li>\n<\/ol>\n<p><a href=\"https:\/\/templeshape.com\/ernaehrungsberatung-buchen\/\" rel=\"\"><\/a><\/p>\n<h5 style=\"text-align: left;\"><a href=\"https:\/\/templeshape.com\/ernaehrungsberatung-buchen\/\" style=\"outline: none;\">Kostenloses Erstgespr\u00e4ch vereinbaren<\/a><\/h5>\n<h3 style=\"text-align: left; color: var(--tcb-skin-color-24) !important; --tcb-applied-color: var$(--tcb-skin-color-24) !important;\"><span style=\"font-weight: normal;\">Ern\u00e4hrungsberatung in <\/span><span style=\"font-weight: normal;\">Z\u00fcrich Wiedikon (Kreis 3)<\/span><\/h3>\n<p>Unsere Beratungsstunden finden online oder in einem privaten Setting in unserem Studio am Manesseplatz statt:Manessestrasse 120, 8045 Z\u00fcrich<\/p>\n<p><a href=\"https:\/\/templeshape.com\/ernaehrungsberatung-buchen\/\" rel=\"\"><\/a><\/p>\n<h5 style=\"text-align: left;\"><a href=\"https:\/\/templeshape.com\/ernaehrungsberatung-buchen\/\" style=\"outline: none;\" data-tcb_hover_state_parent=\"\">Kostenloses Erstgespr\u00e4ch vereinbaren<\/a><\/h5>\n<h2 style=\"text-align: center;\">Fragen zur Ern\u00e4hrungsberatung in Z\u00fcrich<\/h2>\n<p style=\"text-align: center;\">Wir stehen f\u00fcr Offenheit und Herzlichkeit bei der Beratung.<\/p>\n<h3>Warum beraten lassen?<\/h3>\n<ul>\n<li>Eine ausgewogene Ern\u00e4hrung ist entscheidend f\u00fcr die Gesundheit und das Wohlbefinden. Unsere Ern\u00e4hrungsberatung hilft dir dabei, deine Ern\u00e4hrungsgewohnheiten zu optimieren und langfristig gesunde Essgewohnheiten zu entwickeln.<\/li>\n<li>Viele Menschen sind sich nicht bewusst, wie sehr ihre Ern\u00e4hrung ihre k\u00f6rperliche und geistige Gesundheit beeinflusst. Unsere Beratung bietet dir das n\u00f6tige Wissen und die Unterst\u00fctzung, um positive Ver\u00e4nderungen vorzunehmen.<\/li>\n<li>Eine professionelle Ern\u00e4hrungsberatung kann dir dabei helfen, deine Ziele effektiver zu erreichen und sicherzustellen, dass du alle N\u00e4hrstoffe erh\u00e4ltst, die dein K\u00f6rper ben\u00f6tigt.<\/li>\n<li>Unser Team von Ern\u00e4hrungsexperten verf\u00fcgt \u00fcber das Fachwissen und die Erfahrung, um dir dabei zu helfen, deine Ern\u00e4hrungsziele zu definieren und einen ma\u00dfgeschneiderten Plan zu entwickeln, der zu deinem Lebensstil passt.<\/li>\n<li>Durch eine professionelle Ern\u00e4hrungsberatung erh\u00e4ltst du nicht nur wertvolle Informationen \u00fcber gesunde Ern\u00e4hrung, sondern auch praktische Tipps und Strategien, um langfristige Ver\u00e4nderungen in deinem Leben umzusetzen.<\/li>\n<\/ul>\n<h3>Was beinhaltet eine Beratung?<\/h3>\n<ul>\n<li>Unsere individuelle Ern\u00e4hrungsberatung umfasst eine gr\u00fcndliche Analyse deiner aktuellen Ern\u00e4hrungsgewohnheiten, Gesundheitsziele und Lebensumst\u00e4nde, um einen ma\u00dfgeschneiderten Plan zu entwickeln, der auf deine Bed\u00fcrfnisse zugeschnitten ist.<\/li>\n<li>Wir bieten Ern\u00e4hrungspl\u00e4ne und -analysen an, die dir helfen, Ihren N\u00e4hrstoffbedarf zu optimieren, gesunde Essgewohnheiten zu etablieren und deine Ziele zu erreichen.<\/li>\n<li>Unser Team von Ern\u00e4hrungsexperten ist spezialisiert auf Gewichtsmanagement und -kontrolle. Wir bieten dir Unterst\u00fctzung und Motivation auf Ihrem Weg zu einem gesunden Gewicht.<\/li>\n<li>Zus\u00e4tzlich zu unseren allgemeinen Leistungen bieten wir spezielle Ern\u00e4hrungsprogramme an, die auf bestimmte Bed\u00fcrfnisse zugeschnitten sind, wie zum Beispiel Sportern\u00e4hrung, Schwangerschaft oder spezielle Ern\u00e4hrungsbed\u00fcrfnisse bei bestimmten Erkrankungen.<\/li>\n<li>Unsere Leistungen gehen \u00fcber die reine Beratung hinaus. Wir sind dein Partner auf deinem Weg zu einem ges\u00fcnderen Lebensstil und bieten dir die Unterst\u00fctzung und Motivation, die du ben\u00f6tigst, um langfristige Ver\u00e4nderungen umzusetzen.<\/li>\n<\/ul>\n<h3>Welche Kosten erwarten mich?<\/h3>\n<ul>\n<li>Die Kosten f\u00fcr unsere Ern\u00e4hrungsberatungssitzungen werden in der Regel \u00fcber die Grundversicherung der Krankenkasse abgerechnet. Bitte informiere dich bei deiner Krankenkasse \u00fcber die genauen Konditionen und die H\u00f6he der Erstattung.<\/li>\n<li>Wir bieten dir nach deinem kostenlosen Erstgespr\u00e4ch transparente Preise f\u00fcr unsere Leistungen an, damit du genau weisst, welche Kosten auf dich zukommen.<\/li>\n<li>Im Rahmen eines pers\u00f6nlichen Beratungsgespr\u00e4chs k\u00f6nnen wir dir gerne weitere Informationen zu den Kosten und zur Abrechnung geben und deine Fragen dazu beantworten.<\/li>\n<li>Wir sind bestrebt, unsere Dienstleistungen so zug\u00e4nglich wie m\u00f6glich zu machen und arbeiten eng mit unseren Kunden zusammen, um sicherzustellen, dass sie die bestm\u00f6gliche Betreuung erhalten, unabh\u00e4ngig von ihren finanziellen M\u00f6glichkeiten.<\/li>\n<li>Unsere Kunden stehen bei uns im Mittelpunkt, und wir tun unser Bestes, um sicherzustellen, dass sie die bestm\u00f6gliche Beratung und Unterst\u00fctzung erhalten, ohne dass finanzielle Bedenken im Weg stehen.<\/li>\n<\/ul>\n<h2 style=\"text-align: left; color: var(--tcb-skin-color-24) !important; --tcb-applied-color: var$(--tcb-skin-color-24) !important;\"><span style=\"font-weight: normal;\">Du hast Interesse an einer Beratung?<\/span><\/h2>\n<h2 style=\"text-align: left; color: var(--tcb-skin-color-24) !important; --tcb-applied-color: var$(--tcb-skin-color-24) !important;\"><span style=\"font-weight: normal;\">Meld&#8217; dich!<\/span><\/h2>\n","protected":false},"excerpt":{"rendered":"<p>Ern\u00e4hrungsberatung \u2013 Wiedikon, Kreis 3 \u2013 WIEDIKON RENTENWIESE Ern\u00e4hrungsberatung in der N\u00e4he! &nbsp;Unser Ansatz zur Ern\u00e4hrungsberatung ist ganzheitlich und individuell. Wir betrachten nicht nur deine Ern\u00e4hrungsgewohnheiten, sondern auch deinen Lebensstil, deine Gesundheitsgeschichte und deine pers\u00f6nlichen Pr\u00e4ferenzen. Wir sind bestrebt, eine vertrauensvolle und unterst\u00fctzende Umgebung zu schaffen, in der du dich wohl f\u00fchlst und motiviert bist, [&hellip;]<\/p>\n","protected":false},"author":1,"featured_media":4864,"parent":715,"menu_order":0,"comment_status":"closed","ping_status":"closed","template":"","meta":{"footnotes":""},"class_list":["post-4863","page","type-page","status-publish","has-post-thumbnail","hentry","post-wrapper","thrv_wrapper"],"_links":{"self":[{"href":"https:\/\/templeshape.com\/wp-json\/wp\/v2\/pages\/4863","targetHints":{"allow":["GET"]}}],"collection":[{"href":"https:\/\/templeshape.com\/wp-json\/wp\/v2\/pages"}],"about":[{"href":"https:\/\/templeshape.com\/wp-json\/wp\/v2\/types\/page"}],"author":[{"embeddable":true,"href":"https:\/\/templeshape.com\/wp-json\/wp\/v2\/users\/1"}],"replies":[{"embeddable":true,"href":"https:\/\/templeshape.com\/wp-json\/wp\/v2\/comments?post=4863"}],"version-history":[{"count":7,"href":"https:\/\/templeshape.com\/wp-json\/wp\/v2\/pages\/4863\/revisions"}],"predecessor-version":[{"id":7813,"href":"https:\/\/templeshape.com\/wp-json\/wp\/v2\/pages\/4863\/revisions\/7813"}],"up":[{"embeddable":true,"href":"https:\/\/templeshape.com\/wp-json\/wp\/v2\/pages\/715"}],"wp:featuredmedia":[{"embeddable":true,"href":"https:\/\/templeshape.com\/wp-json\/wp\/v2\/media\/4864"}],"wp:attachment":[{"href":"https:\/\/templeshape.com\/wp-json\/wp\/v2\/media?parent=4863"}],"curies":[{"name":"wp","href":"https:\/\/api.w.org\/{rel}","templated":true}]}}